{"id":19,"date":"2017-10-05T17:20:31","date_gmt":"2017-10-05T17:20:31","guid":{"rendered":"https:\/\/frankovic.hr\/?page_id=19"},"modified":"2020-06-03T08:18:43","modified_gmt":"2020-06-03T08:18:43","slug":"naslovna","status":"publish","type":"page","link":"https:\/\/frankovic.hr\/en\/","title":{"rendered":"HOME"},"content":{"rendered":"<div class=\"wpb-content-wrapper\"><style type=\"text\/css\"><\/style><p>[vc_row full_width=&#8221;stretch_row_content_no_spaces&#8221; full_height=&#8221;yes&#8221; equal_height=&#8221;yes&#8221; content_placement=&#8221;middle&#8221; el_class=&#8221;mobile1&#8243;][vc_column][rev_slider_vc alias=&#8221;naslovna&#8221;][\/vc_column][\/vc_row][vc_row full_width=&#8221;stretch_row_content_no_spaces&#8221; content_placement=&#8221;middle&#8221; el_class=&#8221;mobile&#8221; css=&#8221;.vc_custom_1522484733117{margin-top: -30px !important;background-image: url(https:\/\/frankovic.hr\/main_site\/wp-content\/uploads\/2018\/03\/bg_frankovic.png?id=1119) !important;background-position: 0 0 !important;background-repeat: repeat !important;}&#8221;][vc_column width=&#8221;1\/3&#8243;][vc_single_image image=&#8221;715&#8243; img_size=&#8221;full&#8221; alignment=&#8221;center&#8221; onclick=&#8221;custom_link&#8221; link=&#8221;https:\/\/frankovic.hr\/en\/vina-frankovic\/&#8221;][\/vc_column][vc_column width=&#8221;1\/3&#8243;][vc_single_image image=&#8221;713&#8243; img_size=&#8221;full&#8221; alignment=&#8221;center&#8221; onclick=&#8221;custom_link&#8221; link=&#8221;https:\/\/frankovic.hr\/en\/ostarija-rondo\/&#8221;][\/vc_column][vc_column width=&#8221;1\/3&#8243;][vc_single_image image=&#8221;850&#8243; img_size=&#8221;full&#8221; alignment=&#8221;center&#8221; onclick=&#8221;custom_link&#8221; link=&#8221;https:\/\/frankovic.hr\/en\/smjestaj\/&#8221;][\/vc_column][\/vc_row]<\/p>\n<\/div>","protected":false},"excerpt":{"rendered":"<p>[vc_row full_width=&#8221;stretch_row_content_no_spaces&#8221; full_height=&#8221;yes&#8221; equal_height=&#8221;yes&#8221; content_placement=&#8221;middle&#8221; el_class=&#8221;mobile1&#8243;][vc_column][rev_slider_vc alias=&#8221;naslovna&#8221;][\/vc_column][\/vc_row][vc_row full_width=&#8221;stretch_row_content_no_spaces&#8221; content_placement=&#8221;middle&#8221; el_class=&#8221;mobile&#8221; css=&#8221;.vc_custom_1522484733117{margin-top: -30px !important;background-image: url(https:\/\/frankovic.hr\/main_site\/wp-content\/uploads\/2018\/03\/bg_frankovic.png?id=1119) !important;background-position: 0 0 !important;background-repeat: repeat !important;}&#8221;][vc_column width=&#8221;1\/3&#8243;][vc_single_image image=&#8221;715&#8243; img_size=&#8221;full&#8221; alignment=&#8221;center&#8221; onclick=&#8221;custom_link&#8221; link=&#8221;https:\/\/frankovic.hr\/en\/vina-frankovic\/&#8221;][\/vc_column][vc_column width=&#8221;1\/3&#8243;][vc_single_image image=&#8221;713&#8243; img_size=&#8221;full&#8221; alignment=&#8221;center&#8221; onclick=&#8221;custom_link&#8221; link=&#8221;https:\/\/frankovic.hr\/en\/ostarija-rondo\/&#8221;][\/vc_column][vc_column width=&#8221;1\/3&#8243;][vc_single_image image=&#8221;850&#8243; img_size=&#8221;full&#8221; alignment=&#8221;center&#8221; onclick=&#8221;custom_link&#8221; link=&#8221;https:\/\/frankovic.hr\/en\/smjestaj\/&#8221;][\/vc_column][\/vc_row]<\/p>\n","protected":false},"author":1,"featured_media":0,"parent":0,"menu_order":0,"comment_status":"closed","ping_status":"closed","template":"","meta":{"footnotes":""},"class_list":["post-19","page","type-page","status-publish","hentry"],"yoast_head":"<!-- This site is optimized with the Yoast SEO plugin v26.8 - https:\/\/yoast.com\/product\/yoast-seo-wordpress\/ -->\n<title>VINA FRANKOVI\u0106 | O\u0160TARIJA RONDO | SMJE\u0160TAJ | BUJE<\/title>\n<meta name=\"description\" content=\"Duga\u010dka vinarska tradicija obitelji Frankovi\u0107, generacijama je ostala konstanta, \u010dvr\u0161\u0107a od vezanosti za mjesto, pa ni ljubavlju potaknuto putovanje...\" \/>\n<meta name=\"robots\" content=\"index, follow, max-snippet:-1, max-image-preview:large, max-video-preview:-1\" \/>\n<link rel=\"canonical\" href=\"https:\/\/frankovic.hr\/en\/\" \/>\n<meta property=\"og:locale\" content=\"en_US\" \/>\n<meta property=\"og:type\" content=\"article\" \/>\n<meta property=\"og:title\" content=\"VINA FRANKOVI\u0106 | O\u0160TARIJA RONDO | SMJE\u0160TAJ | BUJE\" \/>\n<meta property=\"og:description\" content=\"Duga\u010dka vinarska tradicija obitelji Frankovi\u0107, generacijama je ostala konstanta, \u010dvr\u0161\u0107a od vezanosti za mjesto, pa ni ljubavlju potaknuto putovanje...\" \/>\n<meta property=\"og:url\" content=\"https:\/\/frankovic.hr\/en\/\" \/>\n<meta property=\"og:site_name\" content=\"FRANKOVI\u0106\" \/>\n<meta property=\"article:modified_time\" content=\"2020-06-03T08:18:43+00:00\" \/>\n<meta name=\"twitter:card\" content=\"summary_large_image\" \/>\n<meta name=\"twitter:label1\" content=\"Est. reading time\" \/>\n\t<meta name=\"twitter:data1\" content=\"1 minute\" \/>\n<script type=\"application\/ld+json\" class=\"yoast-schema-graph\">{\"@context\":\"https:\/\/schema.org\",\"@graph\":[{\"@type\":\"WebPage\",\"@id\":\"https:\/\/frankovic.hr\/en\/\",\"url\":\"https:\/\/frankovic.hr\/en\/\",\"name\":\"VINA FRANKOVI\u0106 | O\u0160TARIJA RONDO | SMJE\u0160TAJ | BUJE\",\"isPartOf\":{\"@id\":\"https:\/\/frankovic.hr\/hr\/#website\"},\"datePublished\":\"2017-10-05T17:20:31+00:00\",\"dateModified\":\"2020-06-03T08:18:43+00:00\",\"description\":\"Duga\u010dka vinarska tradicija obitelji Frankovi\u0107, generacijama je ostala konstanta, \u010dvr\u0161\u0107a od vezanosti za mjesto, pa ni ljubavlju potaknuto putovanje...\",\"breadcrumb\":{\"@id\":\"https:\/\/frankovic.hr\/en\/#breadcrumb\"},\"inLanguage\":\"en-US\",\"potentialAction\":[{\"@type\":\"ReadAction\",\"target\":[\"https:\/\/frankovic.hr\/en\/\"]}]},{\"@type\":\"BreadcrumbList\",\"@id\":\"https:\/\/frankovic.hr\/en\/#breadcrumb\",\"itemListElement\":[{\"@type\":\"ListItem\",\"position\":1,\"name\":\"Home\",\"item\":\"https:\/\/frankovic.hr\/en\/\"},{\"@type\":\"ListItem\",\"position\":2,\"name\":\"HOME\"}]},{\"@type\":\"WebSite\",\"@id\":\"https:\/\/frankovic.hr\/hr\/#website\",\"url\":\"https:\/\/frankovic.hr\/hr\/\",\"name\":\"FRANKOVI\u0106\",\"description\":\"restoran\",\"publisher\":{\"@id\":\"https:\/\/frankovic.hr\/hr\/#organization\"},\"potentialAction\":[{\"@type\":\"SearchAction\",\"target\":{\"@type\":\"EntryPoint\",\"urlTemplate\":\"https:\/\/frankovic.hr\/hr\/?s={search_term_string}\"},\"query-input\":{\"@type\":\"PropertyValueSpecification\",\"valueRequired\":true,\"valueName\":\"search_term_string\"}}],\"inLanguage\":\"en-US\"},{\"@type\":\"Organization\",\"@id\":\"https:\/\/frankovic.hr\/hr\/#organization\",\"name\":\"FRANKOVI\u0106\",\"url\":\"https:\/\/frankovic.hr\/hr\/\",\"logo\":{\"@type\":\"ImageObject\",\"inLanguage\":\"en-US\",\"@id\":\"https:\/\/frankovic.hr\/hr\/#\/schema\/logo\/image\/\",\"url\":\"https:\/\/frankovic.hr\/main_site\/wp-content\/uploads\/2017\/10\/logo_vina_frankovic_obrub_500.png\",\"contentUrl\":\"https:\/\/frankovic.hr\/main_site\/wp-content\/uploads\/2017\/10\/logo_vina_frankovic_obrub_500.png\",\"width\":499,\"height\":155,\"caption\":\"FRANKOVI\u0106\"},\"image\":{\"@id\":\"https:\/\/frankovic.hr\/hr\/#\/schema\/logo\/image\/\"}}]}<\/script>\n<!-- \/ Yoast SEO plugin. -->","yoast_head_json":{"title":"VINA FRANKOVI\u0106 | O\u0160TARIJA RONDO | SMJE\u0160TAJ | BUJE","description":"Duga\u010dka vinarska tradicija obitelji Frankovi\u0107, generacijama je ostala konstanta, \u010dvr\u0161\u0107a od vezanosti za mjesto, pa ni ljubavlju potaknuto putovanje...","robots":{"index":"index","follow":"follow","max-snippet":"max-snippet:-1","max-image-preview":"max-image-preview:large","max-video-preview":"max-video-preview:-1"},"canonical":"https:\/\/frankovic.hr\/en\/","og_locale":"en_US","og_type":"article","og_title":"VINA FRANKOVI\u0106 | O\u0160TARIJA RONDO | SMJE\u0160TAJ | BUJE","og_description":"Duga\u010dka vinarska tradicija obitelji Frankovi\u0107, generacijama je ostala konstanta, \u010dvr\u0161\u0107a od vezanosti za mjesto, pa ni ljubavlju potaknuto putovanje...","og_url":"https:\/\/frankovic.hr\/en\/","og_site_name":"FRANKOVI\u0106","article_modified_time":"2020-06-03T08:18:43+00:00","twitter_card":"summary_large_image","twitter_misc":{"Est. reading time":"1 minute"},"schema":{"@context":"https:\/\/schema.org","@graph":[{"@type":"WebPage","@id":"https:\/\/frankovic.hr\/en\/","url":"https:\/\/frankovic.hr\/en\/","name":"VINA FRANKOVI\u0106 | O\u0160TARIJA RONDO | SMJE\u0160TAJ | BUJE","isPartOf":{"@id":"https:\/\/frankovic.hr\/hr\/#website"},"datePublished":"2017-10-05T17:20:31+00:00","dateModified":"2020-06-03T08:18:43+00:00","description":"Duga\u010dka vinarska tradicija obitelji Frankovi\u0107, generacijama je ostala konstanta, \u010dvr\u0161\u0107a od vezanosti za mjesto, pa ni ljubavlju potaknuto putovanje...","breadcrumb":{"@id":"https:\/\/frankovic.hr\/en\/#breadcrumb"},"inLanguage":"en-US","potentialAction":[{"@type":"ReadAction","target":["https:\/\/frankovic.hr\/en\/"]}]},{"@type":"BreadcrumbList","@id":"https:\/\/frankovic.hr\/en\/#breadcrumb","itemListElement":[{"@type":"ListItem","position":1,"name":"Home","item":"https:\/\/frankovic.hr\/en\/"},{"@type":"ListItem","position":2,"name":"HOME"}]},{"@type":"WebSite","@id":"https:\/\/frankovic.hr\/hr\/#website","url":"https:\/\/frankovic.hr\/hr\/","name":"FRANKOVI\u0106","description":"restoran","publisher":{"@id":"https:\/\/frankovic.hr\/hr\/#organization"},"potentialAction":[{"@type":"SearchAction","target":{"@type":"EntryPoint","urlTemplate":"https:\/\/frankovic.hr\/hr\/?s={search_term_string}"},"query-input":{"@type":"PropertyValueSpecification","valueRequired":true,"valueName":"search_term_string"}}],"inLanguage":"en-US"},{"@type":"Organization","@id":"https:\/\/frankovic.hr\/hr\/#organization","name":"FRANKOVI\u0106","url":"https:\/\/frankovic.hr\/hr\/","logo":{"@type":"ImageObject","inLanguage":"en-US","@id":"https:\/\/frankovic.hr\/hr\/#\/schema\/logo\/image\/","url":"https:\/\/frankovic.hr\/main_site\/wp-content\/uploads\/2017\/10\/logo_vina_frankovic_obrub_500.png","contentUrl":"https:\/\/frankovic.hr\/main_site\/wp-content\/uploads\/2017\/10\/logo_vina_frankovic_obrub_500.png","width":499,"height":155,"caption":"FRANKOVI\u0106"},"image":{"@id":"https:\/\/frankovic.hr\/hr\/#\/schema\/logo\/image\/"}}]}},"_links":{"self":[{"href":"https:\/\/frankovic.hr\/en\/wp-json\/wp\/v2\/pages\/19","targetHints":{"allow":["GET"]}}],"collection":[{"href":"https:\/\/frankovic.hr\/en\/wp-json\/wp\/v2\/pages"}],"about":[{"href":"https:\/\/frankovic.hr\/en\/wp-json\/wp\/v2\/types\/page"}],"author":[{"embeddable":true,"href":"https:\/\/frankovic.hr\/en\/wp-json\/wp\/v2\/users\/1"}],"replies":[{"embeddable":true,"href":"https:\/\/frankovic.hr\/en\/wp-json\/wp\/v2\/comments?post=19"}],"version-history":[{"count":5,"href":"https:\/\/frankovic.hr\/en\/wp-json\/wp\/v2\/pages\/19\/revisions"}],"predecessor-version":[{"id":1228,"href":"https:\/\/frankovic.hr\/en\/wp-json\/wp\/v2\/pages\/19\/revisions\/1228"}],"wp:attachment":[{"href":"https:\/\/frankovic.hr\/en\/wp-json\/wp\/v2\/media?parent=19"}],"curies":[{"name":"wp","href":"https:\/\/api.w.org\/{rel}","templated":true}]}}