{"id":19,"date":"2017-10-05T17:20:31","date_gmt":"2017-10-05T17:20:31","guid":{"rendered":"https:\/\/frankovic.hr\/?page_id=19"},"modified":"2020-06-03T08:18:43","modified_gmt":"2020-06-03T08:18:43","slug":"naslovna","status":"publish","type":"page","link":"https:\/\/frankovic.hr\/hr\/","title":{"rendered":"NASLOVNA"},"content":{"rendered":"<div class=\"wpb-content-wrapper\"><style type=\"text\/css\"><\/style><p>[vc_row full_width=&#8221;stretch_row_content_no_spaces&#8221; full_height=&#8221;yes&#8221; equal_height=&#8221;yes&#8221; content_placement=&#8221;middle&#8221; el_class=&#8221;mobile1&#8243;][vc_column]\n\t\t\t<!-- START naslovna REVOLUTION SLIDER 6.7.38 --><p class=\"rs-p-wp-fix\"><\/p>\n\t\t\t<rs-module-wrap id=\"rev_slider_1_1_wrapper\" data-source=\"gallery\" data-aimg=\"https:\/\/frankovic.hr\/wp-content\/uploads\/2017\/10\/VINA_FRANKOVIC_01-1.jpg\"  data-aie8=\"enabled\"  style=\"visibility:hidden;background:transparent;padding:0;\">\n\t\t\t\t<rs-module id=\"rev_slider_1_1\" style=\"\" data-version=\"6.7.38\">\n\t\t\t\t\t<rs-slides style=\"overflow: hidden; position: absolute;\">\n\t\t\t\t\t\t<rs-slide style=\"position: absolute;\" data-key=\"rs-6\" data-title=\"Slide\" data-anim=\"adpr:false;\">\n\t\t\t\t\t\t\t<img decoding=\"async\" src=\"\/\/frankovic.hr\/main_site\/wp-content\/plugins\/revslider\/sr6\/assets\/assets\/dummy.png\" alt=\"\" title=\"NASLOVNA\" class=\"rev-slidebg tp-rs-img rs-lazyload\" data-lazyload=\"\/\/frankovic.hr\/wp-content\/uploads\/2017\/10\/frankovic_promo_video.jpg\" data-parallax=\"off\" data-no-retina>\n\t\t\t\t\t\t\t<rs-bgvideo \n\t\t\t\t\t\t\t\tdata-video=\"v:100;vc:none;w:100%;h:100%;l:loopandnoslidestop;ptimer:false;\"\n\t\t\t\t\t\t\t\tdata-ytid=\"mVigwVv4X24\"\n\t\t\t\t\t\t\t\tdata-vatr=\"version=3&amp;enablejsapi=1&amp;html5=1&amp;volume=100&amp;hd=1&amp;wmode=opaque&amp;showinfo=0&amp;rel=0&amp;origin=https:\/\/frankovic.hr;\"\n\t\t\t\t\t\t\t><\/rs-bgvideo>\n<!--\n\t\t\t\t\t\t\t--><rs-layer\n\t\t\t\t\t\t\t\tid=\"slider-1-slide-6-layer-1\" \n\t\t\t\t\t\t\t\tclass=\"rs-fsv rs-layer-video intrinsic-ignore\"\n\t\t\t\t\t\t\t\tdata-type=\"video\"\n\t\t\t\t\t\t\t\tdata-rsp_ch=\"on\"\n\t\t\t\t\t\t\t\tdata-xy=\"x:0;y:0;\"\n\t\t\t\t\t\t\t\tdata-text=\"l:22;a:inherit;\"\n\t\t\t\t\t\t\t\tdata-dim=\"w:100%;h:100%;\"\n\t\t\t\t\t\t\t\tdata-video=\"twa:false;ap:false;v:90;vd:90;fc:true;l:none;ptimer:true;sav:f;inl:f;\"\n\t\t\t\t\t\t\t\tdata-poster=\"\/\/frankovic.hr\/wp-content\/uploads\/2017\/10\/frankovic_promo_video.jpg\"\n\t\t\t\t\t\t\t\tdata-ytid=\"mVigwVv4X24\"\n\t\t\t\t\t\t\t\tdata-vatr=\"version=3&amp;enablejsapi=1&amp;html5=1&amp;volume=90&amp;hd=1&amp;wmode=opaque&amp;showinfo=0&amp;rel=0&amp;vq=hd1080&amp;origin=https:\/\/frankovic.hr;\"\n\t\t\t\t\t\t\t\tdata-frame_0=\"tp:600;\"\n\t\t\t\t\t\t\t\tdata-frame_1=\"tp:600;sR:10;\"\n\t\t\t\t\t\t\t\tdata-frame_999=\"o:0;tp:600;st:w;sR:1190;\"\n\t\t\t\t\t\t\t\tstyle=\"z-index:5;\"\n\t\t\t\t\t\t\t>\n\t\t\t\t\t\t\t<\/rs-layer><!--\n-->\t\t\t\t\t<\/rs-slide>\n\t\t\t\t\t<\/rs-slides>\n\t\t\t\t<\/rs-module>\n\t\t\t\t<script>\n\t\t\t\t\tsetREVStartSize({c: 'rev_slider_1_1',rl:[1240,1024,778,480],el:[],gw:[1240],gh:[868],type:'standard',justify:'',layout:'fullscreen',offsetContainer:'',offset:'',mh:\"0\"});if (window.RS_MODULES!==undefined && window.RS_MODULES.modules!==undefined && window.RS_MODULES.modules[\"revslider11\"]!==undefined) {window.RS_MODULES.modules[\"revslider11\"].once = false;window.revapi1 = undefined;if (window.RS_MODULES.checkMinimal!==undefined) window.RS_MODULES.checkMinimal()}\n\t\t\t\t<\/script>\n\t\t\t<\/rs-module-wrap>\n\t\t\t<!-- END REVOLUTION SLIDER -->\n[\/vc_column][\/vc_row][vc_row full_width=&#8221;stretch_row_content_no_spaces&#8221; content_placement=&#8221;middle&#8221; el_class=&#8221;mobile&#8221; css=&#8221;.vc_custom_1522484739074{margin-top: -30px !important;background-image: url(https:\/\/frankovic.hr\/main_site\/wp-content\/uploads\/2018\/03\/bg_frankovic.png?id=1119) !important;background-position: 0 0 !important;background-repeat: repeat !important;}&#8221;][vc_column width=&#8221;1\/3&#8243;][vc_single_image image=&#8221;715&#8243; img_size=&#8221;full&#8221; alignment=&#8221;center&#8221; onclick=&#8221;custom_link&#8221; link=&#8221;https:\/\/frankovic.hr\/vina-frankovic\/&#8221;][\/vc_column][vc_column width=&#8221;1\/3&#8243;][vc_single_image image=&#8221;713&#8243; img_size=&#8221;full&#8221; alignment=&#8221;center&#8221; onclick=&#8221;custom_link&#8221; link=&#8221;https:\/\/frankovic.hr\/ostarija-rondo\/&#8221;][\/vc_column][vc_column width=&#8221;1\/3&#8243;][vc_single_image image=&#8221;850&#8243; img_size=&#8221;full&#8221; alignment=&#8221;center&#8221; onclick=&#8221;custom_link&#8221; link=&#8221;https:\/\/frankovic.hr\/smjestaj\/&#8221;][\/vc_column][\/vc_row]<\/p>\n<\/div>","protected":false},"excerpt":{"rendered":"<p>[vc_row full_width=&#8221;stretch_row_content_no_spaces&#8221; full_height=&#8221;yes&#8221; equal_height=&#8221;yes&#8221; content_placement=&#8221;middle&#8221; el_class=&#8221;mobile1&#8243;][vc_column][\/vc_column][\/vc_row][vc_row full_width=&#8221;stretch_row_content_no_spaces&#8221; content_placement=&#8221;middle&#8221; el_class=&#8221;mobile&#8221; css=&#8221;.vc_custom_1522484739074{margin-top: -30px !important;background-image: url(https:\/\/frankovic.hr\/main_site\/wp-content\/uploads\/2018\/03\/bg_frankovic.png?id=1119) !important;background-position: 0 0 !important;background-repeat: repeat !important;}&#8221;][vc_column width=&#8221;1\/3&#8243;][vc_single_image image=&#8221;715&#8243; img_size=&#8221;full&#8221; alignment=&#8221;center&#8221; onclick=&#8221;custom_link&#8221; link=&#8221;https:\/\/frankovic.hr\/vina-frankovic\/&#8221;][\/vc_column][vc_column width=&#8221;1\/3&#8243;][vc_single_image image=&#8221;713&#8243; img_size=&#8221;full&#8221; alignment=&#8221;center&#8221; onclick=&#8221;custom_link&#8221; link=&#8221;https:\/\/frankovic.hr\/ostarija-rondo\/&#8221;][\/vc_column][vc_column width=&#8221;1\/3&#8243;][vc_single_image image=&#8221;850&#8243; img_size=&#8221;full&#8221; alignment=&#8221;center&#8221; onclick=&#8221;custom_link&#8221; link=&#8221;https:\/\/frankovic.hr\/smjestaj\/&#8221;][\/vc_column][\/vc_row]<\/p>\n","protected":false},"author":1,"featured_media":0,"parent":0,"menu_order":0,"comment_status":"closed","ping_status":"closed","template":"","meta":{"footnotes":""},"class_list":["post-19","page","type-page","status-publish","hentry"],"yoast_head":"<!-- This site is optimized with the Yoast SEO plugin v26.8 - https:\/\/yoast.com\/product\/yoast-seo-wordpress\/ -->\n<title>VINA FRANKOVI\u0106 | O\u0160TARIJA RONDO | SMJE\u0160TAJ | BUJE<\/title>\n<meta name=\"description\" content=\"Duga\u010dka vinarska tradicija obitelji Frankovi\u0107, generacijama je ostala konstanta, \u010dvr\u0161\u0107a od vezanosti za mjesto, pa ni ljubavlju potaknuto putovanje...\" \/>\n<meta name=\"robots\" content=\"index, follow, max-snippet:-1, max-image-preview:large, max-video-preview:-1\" \/>\n<link rel=\"canonical\" href=\"https:\/\/frankovic.hr\/en\/\" \/>\n<meta property=\"og:locale\" content=\"hr_HR\" \/>\n<meta property=\"og:type\" content=\"article\" \/>\n<meta property=\"og:title\" content=\"VINA FRANKOVI\u0106 | O\u0160TARIJA RONDO | SMJE\u0160TAJ | BUJE\" \/>\n<meta property=\"og:description\" content=\"Duga\u010dka vinarska tradicija obitelji Frankovi\u0107, generacijama je ostala konstanta, \u010dvr\u0161\u0107a od vezanosti za mjesto, pa ni ljubavlju potaknuto putovanje...\" \/>\n<meta property=\"og:url\" content=\"https:\/\/frankovic.hr\/en\/\" \/>\n<meta property=\"og:site_name\" content=\"FRANKOVI\u0106\" \/>\n<meta property=\"article:modified_time\" content=\"2020-06-03T08:18:43+00:00\" \/>\n<meta name=\"twitter:card\" content=\"summary_large_image\" \/>\n<meta name=\"twitter:label1\" content=\"Procijenjeno vrijeme \u010ditanja\" \/>\n\t<meta name=\"twitter:data1\" content=\"1 minuta\" \/>\n<script type=\"application\/ld+json\" class=\"yoast-schema-graph\">{\"@context\":\"https:\/\/schema.org\",\"@graph\":[{\"@type\":\"WebPage\",\"@id\":\"https:\/\/frankovic.hr\/en\/\",\"url\":\"https:\/\/frankovic.hr\/en\/\",\"name\":\"VINA FRANKOVI\u0106 | O\u0160TARIJA RONDO | SMJE\u0160TAJ | BUJE\",\"isPartOf\":{\"@id\":\"https:\/\/frankovic.hr\/hr\/#website\"},\"datePublished\":\"2017-10-05T17:20:31+00:00\",\"dateModified\":\"2020-06-03T08:18:43+00:00\",\"description\":\"Duga\u010dka vinarska tradicija obitelji Frankovi\u0107, generacijama je ostala konstanta, \u010dvr\u0161\u0107a od vezanosti za mjesto, pa ni ljubavlju potaknuto putovanje...\",\"breadcrumb\":{\"@id\":\"https:\/\/frankovic.hr\/en\/#breadcrumb\"},\"inLanguage\":\"hr\",\"potentialAction\":[{\"@type\":\"ReadAction\",\"target\":[\"https:\/\/frankovic.hr\/en\/\"]}]},{\"@type\":\"BreadcrumbList\",\"@id\":\"https:\/\/frankovic.hr\/en\/#breadcrumb\",\"itemListElement\":[{\"@type\":\"ListItem\",\"position\":1,\"name\":\"Home\",\"item\":\"https:\/\/frankovic.hr\/en\/\"},{\"@type\":\"ListItem\",\"position\":2,\"name\":\"HOME\"}]},{\"@type\":\"WebSite\",\"@id\":\"https:\/\/frankovic.hr\/hr\/#website\",\"url\":\"https:\/\/frankovic.hr\/hr\/\",\"name\":\"FRANKOVI\u0106\",\"description\":\"restoran\",\"publisher\":{\"@id\":\"https:\/\/frankovic.hr\/hr\/#organization\"},\"potentialAction\":[{\"@type\":\"SearchAction\",\"target\":{\"@type\":\"EntryPoint\",\"urlTemplate\":\"https:\/\/frankovic.hr\/hr\/?s={search_term_string}\"},\"query-input\":{\"@type\":\"PropertyValueSpecification\",\"valueRequired\":true,\"valueName\":\"search_term_string\"}}],\"inLanguage\":\"hr\"},{\"@type\":\"Organization\",\"@id\":\"https:\/\/frankovic.hr\/hr\/#organization\",\"name\":\"FRANKOVI\u0106\",\"url\":\"https:\/\/frankovic.hr\/hr\/\",\"logo\":{\"@type\":\"ImageObject\",\"inLanguage\":\"hr\",\"@id\":\"https:\/\/frankovic.hr\/hr\/#\/schema\/logo\/image\/\",\"url\":\"https:\/\/frankovic.hr\/main_site\/wp-content\/uploads\/2017\/10\/logo_vina_frankovic_obrub_500.png\",\"contentUrl\":\"https:\/\/frankovic.hr\/main_site\/wp-content\/uploads\/2017\/10\/logo_vina_frankovic_obrub_500.png\",\"width\":499,\"height\":155,\"caption\":\"FRANKOVI\u0106\"},\"image\":{\"@id\":\"https:\/\/frankovic.hr\/hr\/#\/schema\/logo\/image\/\"}}]}<\/script>\n<!-- \/ Yoast SEO plugin. -->","yoast_head_json":{"title":"VINA FRANKOVI\u0106 | O\u0160TARIJA RONDO | SMJE\u0160TAJ | BUJE","description":"Duga\u010dka vinarska tradicija obitelji Frankovi\u0107, generacijama je ostala konstanta, \u010dvr\u0161\u0107a od vezanosti za mjesto, pa ni ljubavlju potaknuto putovanje...","robots":{"index":"index","follow":"follow","max-snippet":"max-snippet:-1","max-image-preview":"max-image-preview:large","max-video-preview":"max-video-preview:-1"},"canonical":"https:\/\/frankovic.hr\/en\/","og_locale":"hr_HR","og_type":"article","og_title":"VINA FRANKOVI\u0106 | O\u0160TARIJA RONDO | SMJE\u0160TAJ | BUJE","og_description":"Duga\u010dka vinarska tradicija obitelji Frankovi\u0107, generacijama je ostala konstanta, \u010dvr\u0161\u0107a od vezanosti za mjesto, pa ni ljubavlju potaknuto putovanje...","og_url":"https:\/\/frankovic.hr\/en\/","og_site_name":"FRANKOVI\u0106","article_modified_time":"2020-06-03T08:18:43+00:00","twitter_card":"summary_large_image","twitter_misc":{"Procijenjeno vrijeme \u010ditanja":"1 minuta"},"schema":{"@context":"https:\/\/schema.org","@graph":[{"@type":"WebPage","@id":"https:\/\/frankovic.hr\/en\/","url":"https:\/\/frankovic.hr\/en\/","name":"VINA FRANKOVI\u0106 | O\u0160TARIJA RONDO | SMJE\u0160TAJ | BUJE","isPartOf":{"@id":"https:\/\/frankovic.hr\/hr\/#website"},"datePublished":"2017-10-05T17:20:31+00:00","dateModified":"2020-06-03T08:18:43+00:00","description":"Duga\u010dka vinarska tradicija obitelji Frankovi\u0107, generacijama je ostala konstanta, \u010dvr\u0161\u0107a od vezanosti za mjesto, pa ni ljubavlju potaknuto putovanje...","breadcrumb":{"@id":"https:\/\/frankovic.hr\/en\/#breadcrumb"},"inLanguage":"hr","potentialAction":[{"@type":"ReadAction","target":["https:\/\/frankovic.hr\/en\/"]}]},{"@type":"BreadcrumbList","@id":"https:\/\/frankovic.hr\/en\/#breadcrumb","itemListElement":[{"@type":"ListItem","position":1,"name":"Home","item":"https:\/\/frankovic.hr\/en\/"},{"@type":"ListItem","position":2,"name":"HOME"}]},{"@type":"WebSite","@id":"https:\/\/frankovic.hr\/hr\/#website","url":"https:\/\/frankovic.hr\/hr\/","name":"FRANKOVI\u0106","description":"restoran","publisher":{"@id":"https:\/\/frankovic.hr\/hr\/#organization"},"potentialAction":[{"@type":"SearchAction","target":{"@type":"EntryPoint","urlTemplate":"https:\/\/frankovic.hr\/hr\/?s={search_term_string}"},"query-input":{"@type":"PropertyValueSpecification","valueRequired":true,"valueName":"search_term_string"}}],"inLanguage":"hr"},{"@type":"Organization","@id":"https:\/\/frankovic.hr\/hr\/#organization","name":"FRANKOVI\u0106","url":"https:\/\/frankovic.hr\/hr\/","logo":{"@type":"ImageObject","inLanguage":"hr","@id":"https:\/\/frankovic.hr\/hr\/#\/schema\/logo\/image\/","url":"https:\/\/frankovic.hr\/main_site\/wp-content\/uploads\/2017\/10\/logo_vina_frankovic_obrub_500.png","contentUrl":"https:\/\/frankovic.hr\/main_site\/wp-content\/uploads\/2017\/10\/logo_vina_frankovic_obrub_500.png","width":499,"height":155,"caption":"FRANKOVI\u0106"},"image":{"@id":"https:\/\/frankovic.hr\/hr\/#\/schema\/logo\/image\/"}}]}},"_links":{"self":[{"href":"https:\/\/frankovic.hr\/hr\/wp-json\/wp\/v2\/pages\/19","targetHints":{"allow":["GET"]}}],"collection":[{"href":"https:\/\/frankovic.hr\/hr\/wp-json\/wp\/v2\/pages"}],"about":[{"href":"https:\/\/frankovic.hr\/hr\/wp-json\/wp\/v2\/types\/page"}],"author":[{"embeddable":true,"href":"https:\/\/frankovic.hr\/hr\/wp-json\/wp\/v2\/users\/1"}],"replies":[{"embeddable":true,"href":"https:\/\/frankovic.hr\/hr\/wp-json\/wp\/v2\/comments?post=19"}],"version-history":[{"count":5,"href":"https:\/\/frankovic.hr\/hr\/wp-json\/wp\/v2\/pages\/19\/revisions"}],"predecessor-version":[{"id":1228,"href":"https:\/\/frankovic.hr\/hr\/wp-json\/wp\/v2\/pages\/19\/revisions\/1228"}],"wp:attachment":[{"href":"https:\/\/frankovic.hr\/hr\/wp-json\/wp\/v2\/media?parent=19"}],"curies":[{"name":"wp","href":"https:\/\/api.w.org\/{rel}","templated":true}]}}