{"id":63,"date":"2017-10-09T09:15:30","date_gmt":"2017-10-09T09:15:30","guid":{"rendered":"https:\/\/frankovic.hr\/?page_id=63"},"modified":"2022-04-01T07:22:51","modified_gmt":"2022-04-01T07:22:51","slug":"o-nama","status":"publish","type":"page","link":"https:\/\/frankovic.hr\/hr\/o-nama\/","title":{"rendered":"O NAMA"},"content":{"rendered":"<div class=\"wpb-content-wrapper\"><style type=\"text\/css\"><\/style><p>[vc_row full_width=&#8221;stretch_row&#8221; gap=&#8221;35&#8243; full_height=&#8221;yes&#8221; equal_height=&#8221;yes&#8221; content_placement=&#8221;middle&#8221; css=&#8221;.vc_custom_1512987649698{background-image: url(https:\/\/frankovic.hr\/main_site\/wp-content\/uploads\/2017\/12\/DSC_8828_00.jpg?id=618) !important;background-position: center !important;background-repeat: no-repeat !important;background-size: cover !important;}&#8221;][vc_column][vc_row_inner content_placement=&#8221;middle&#8221; gap=&#8221;35&#8243;][vc_column_inner width=&#8221;1\/2&#8243;][vc_column_text]<\/p>\n<h2 style=\"text-align: center;\">PRI\u010cA O<\/h2>\n<h3 style=\"text-align: center;\"><strong>ljubavi i tradiciji<\/strong><\/h3>\n<p>[\/vc_column_text][vc_column_text]<\/p>\n<p style=\"text-align: center;\"><span style=\"color: #3d3d3d;\">Duga\u010dka vinarska <strong>tradicija<\/strong> obitelji Frankovi\u0107, generacijama je ostala konstanta, \u010dvr\u0161\u0107a od vezanosti za mjesto, pa ni ljubavlju potaknuto putovanje Josipa Frankovi\u0107a iz sredi\u0161nje Istre u Buje nije ugrozilo od oca usa\u0111enu <strong>ljubav<\/strong> prema lozi i strast prema proizvodnji vina. \u0160tovi\u0161e, novo mjesto \u017eivota i odabir zemlji\u0161ta na pa\u017eljivo izabranom, neobi\u010dno blagorodnom polo\u017eaju Santa Lucie sa dobitnom kombinacijom vapnenca i gline, bila je temelj nove <strong>vinske<\/strong> pri\u010de sa starim korjenima i stabljikom, kroz koju te\u010de iskustvo neformalne mudrosti, formalne agronomske naobrazbe i praksa vo\u0111enja velikih vinskih postrojenja.<\/span><br \/>\n<span style=\"color: #3d3d3d;\">A da gro\u017e\u0111e ne pada daleko od trsja, pokazuje i mla\u0111i nastavak <strong>obitelji<\/strong>, koji podupire tu \u0161ire\u0107u vinsku pri\u010du, internim anga\u017emanom i odabirom vinarskog <strong>obrazovanja<\/strong>.<\/span><\/p>\n<p>[\/vc_column_text][\/vc_column_inner][vc_column_inner width=&#8221;1\/2&#8243;][\/vc_column_inner][\/vc_row_inner][\/vc_column][\/vc_row][vc_row full_width=&#8221;stretch_row&#8221; gap=&#8221;35&#8243; full_height=&#8221;yes&#8221; equal_height=&#8221;yes&#8221; content_placement=&#8221;middle&#8221; css=&#8221;.vc_custom_1512990399818{background-image: url(https:\/\/frankovic.hr\/main_site\/wp-content\/uploads\/2017\/12\/fresh_snow.png?id=600) !important;background-position: 0 0 !important;background-repeat: repeat !important;}&#8221;][vc_column width=&#8221;1\/2&#8243;][vc_single_image image=&#8221;716&#8243; img_size=&#8221;full&#8221; alignment=&#8221;center&#8221; style=&#8221;vc_box_outline&#8221; border_color=&#8221;orange&#8221;][\/vc_column][vc_column width=&#8221;1\/2&#8243;][vc_column_text]<\/p>\n<p style=\"text-align: center;\"><span style=\"color: #3d3d3d;\">Jo\u0161 je jedna ljubav Josipa Frankovi\u0107a utjecala na oblikovanje <strong>carstva<\/strong> kakvo je danas. To je od oca naslije\u0111ena i kasnije dodatno razvijena strast prema konjima i jahanju, <strong>strast<\/strong> koja je u kona\u010dnici, uz loze, otisnuta i u logu vina Frankovi\u0107 i uobli\u010dena u nazivlje nekih <strong>vina<\/strong>. Mo\u017eda i nije slu\u010dajna simbolika konja, koja predstavlja unutarnju snagu, vitalnost i nadila\u017eenje \u017eivotnih prepreka, simbolika koja, u Josipovu obilasku vinograda, me\u0111u devet budu\u0107ih etiketa, prestaje biti <strong>simbolika<\/strong> i postaje dopuna \u017eivotne suradnje \u010dovjeka i prirode.<\/span><\/p>\n<p>[\/vc_column_text][\/vc_column][\/vc_row][vc_row full_width=&#8221;stretch_row_content_no_spaces&#8221; full_height=&#8221;yes&#8221; equal_height=&#8221;yes&#8221; content_placement=&#8221;middle&#8221; css=&#8221;.vc_custom_1512990541979{background-image: url(https:\/\/frankovic.hr\/main_site\/wp-content\/uploads\/2017\/12\/fresh_snow.png?id=600) !important;background-position: 0 0 !important;background-repeat: repeat !important;}&#8221;][vc_column][vc_media_grid element_width=&#8221;3&#8243; gap=&#8221;10&#8243; grid_id=&#8221;vc_gid:1648797627079-5c84d262-3d10-8&#8243; include=&#8221;641,1420,640,605,634,628,1419,1422&#8243;][\/vc_column][\/vc_row]<\/p>\n<\/div>","protected":false},"excerpt":{"rendered":"<p>[vc_row full_width=&#8221;stretch_row&#8221; gap=&#8221;35&#8243; full_height=&#8221;yes&#8221; equal_height=&#8221;yes&#8221; content_placement=&#8221;middle&#8221; css=&#8221;.vc_custom_1512987649698{background-image: url(https:\/\/frankovic.hr\/main_site\/wp-content\/uploads\/2017\/12\/DSC_8828_00.jpg?id=618) !important;background-position: center !important;background-repeat: no-repeat !important;background-size: cover !important;}&#8221;][vc_column][vc_row_inner content_placement=&#8221;middle&#8221; gap=&#8221;35&#8243;][vc_column_inner width=&#8221;1\/2&#8243;][vc_column_text] PRI\u010cA O ljubavi i tradiciji [\/vc_column_text][vc_column_text] Duga\u010dka vinarska tradicija obitelji Frankovi\u0107, generacijama je ostala konstanta, \u010dvr\u0161\u0107a od vezanosti za mjesto, pa ni ljubavlju potaknuto putovanje Josipa Frankovi\u0107a iz sredi\u0161nje Istre u Buje nije ugrozilo od oca usa\u0111enu&#8230;<\/p>\n","protected":false},"author":1,"featured_media":0,"parent":0,"menu_order":0,"comment_status":"closed","ping_status":"closed","template":"","meta":{"footnotes":""},"class_list":["post-63","page","type-page","status-publish","hentry"],"yoast_head":"<!-- This site is optimized with the Yoast SEO plugin v26.8 - https:\/\/yoast.com\/product\/yoast-seo-wordpress\/ -->\n<title>O NAMA - FRANKOVI\u0106<\/title>\n<meta name=\"robots\" content=\"index, follow, max-snippet:-1, max-image-preview:large, max-video-preview:-1\" \/>\n<link rel=\"canonical\" href=\"https:\/\/frankovic.hr\/en\/o-nama\/\" \/>\n<meta property=\"og:locale\" content=\"hr_HR\" \/>\n<meta property=\"og:type\" content=\"article\" \/>\n<meta property=\"og:title\" content=\"O NAMA - FRANKOVI\u0106\" \/>\n<meta property=\"og:description\" content=\"[vc_row full_width=&#8221;stretch_row&#8221; gap=&#8221;35&#8243; full_height=&#8221;yes&#8221; equal_height=&#8221;yes&#8221; content_placement=&#8221;middle&#8221; css=&#8221;.vc_custom_1512987649698{background-image: url(https:\/\/frankovic.hr\/main_site\/wp-content\/uploads\/2017\/12\/DSC_8828_00.jpg?id=618) !important;background-position: center !important;background-repeat: no-repeat !important;background-size: cover !important;}&#8221;][vc_column][vc_row_inner content_placement=&#8221;middle&#8221; gap=&#8221;35&#8243;][vc_column_inner width=&#8221;1\/2&#8243;][vc_column_text] PRI\u010cA O ljubavi i tradiciji [\/vc_column_text][vc_column_text] Duga\u010dka vinarska tradicija obitelji Frankovi\u0107, generacijama je ostala konstanta, \u010dvr\u0161\u0107a od vezanosti za mjesto, pa ni ljubavlju potaknuto putovanje Josipa Frankovi\u0107a iz sredi\u0161nje Istre u Buje nije ugrozilo od oca usa\u0111enu...\" \/>\n<meta property=\"og:url\" content=\"https:\/\/frankovic.hr\/en\/o-nama\/\" \/>\n<meta property=\"og:site_name\" content=\"FRANKOVI\u0106\" \/>\n<meta property=\"article:modified_time\" content=\"2022-04-01T07:22:51+00:00\" \/>\n<meta name=\"twitter:card\" content=\"summary_large_image\" \/>\n<meta name=\"twitter:label1\" content=\"Procijenjeno vrijeme \u010ditanja\" \/>\n\t<meta name=\"twitter:data1\" content=\"2 minute\" \/>\n<script type=\"application\/ld+json\" class=\"yoast-schema-graph\">{\"@context\":\"https:\/\/schema.org\",\"@graph\":[{\"@type\":\"WebPage\",\"@id\":\"https:\/\/frankovic.hr\/en\/o-nama\/\",\"url\":\"https:\/\/frankovic.hr\/en\/o-nama\/\",\"name\":\"O NAMA - FRANKOVI\u0106\",\"isPartOf\":{\"@id\":\"https:\/\/frankovic.hr\/hr\/#website\"},\"datePublished\":\"2017-10-09T09:15:30+00:00\",\"dateModified\":\"2022-04-01T07:22:51+00:00\",\"breadcrumb\":{\"@id\":\"https:\/\/frankovic.hr\/en\/o-nama\/#breadcrumb\"},\"inLanguage\":\"hr\",\"potentialAction\":[{\"@type\":\"ReadAction\",\"target\":[\"https:\/\/frankovic.hr\/en\/o-nama\/\"]}]},{\"@type\":\"BreadcrumbList\",\"@id\":\"https:\/\/frankovic.hr\/en\/o-nama\/#breadcrumb\",\"itemListElement\":[{\"@type\":\"ListItem\",\"position\":1,\"name\":\"Home\",\"item\":\"https:\/\/frankovic.hr\/en\/\"},{\"@type\":\"ListItem\",\"position\":2,\"name\":\"ABOUT US\"}]},{\"@type\":\"WebSite\",\"@id\":\"https:\/\/frankovic.hr\/hr\/#website\",\"url\":\"https:\/\/frankovic.hr\/hr\/\",\"name\":\"FRANKOVI\u0106\",\"description\":\"restoran\",\"publisher\":{\"@id\":\"https:\/\/frankovic.hr\/hr\/#organization\"},\"potentialAction\":[{\"@type\":\"SearchAction\",\"target\":{\"@type\":\"EntryPoint\",\"urlTemplate\":\"https:\/\/frankovic.hr\/hr\/?s={search_term_string}\"},\"query-input\":{\"@type\":\"PropertyValueSpecification\",\"valueRequired\":true,\"valueName\":\"search_term_string\"}}],\"inLanguage\":\"hr\"},{\"@type\":\"Organization\",\"@id\":\"https:\/\/frankovic.hr\/hr\/#organization\",\"name\":\"FRANKOVI\u0106\",\"url\":\"https:\/\/frankovic.hr\/hr\/\",\"logo\":{\"@type\":\"ImageObject\",\"inLanguage\":\"hr\",\"@id\":\"https:\/\/frankovic.hr\/hr\/#\/schema\/logo\/image\/\",\"url\":\"https:\/\/frankovic.hr\/main_site\/wp-content\/uploads\/2017\/10\/logo_vina_frankovic_obrub_500.png\",\"contentUrl\":\"https:\/\/frankovic.hr\/main_site\/wp-content\/uploads\/2017\/10\/logo_vina_frankovic_obrub_500.png\",\"width\":499,\"height\":155,\"caption\":\"FRANKOVI\u0106\"},\"image\":{\"@id\":\"https:\/\/frankovic.hr\/hr\/#\/schema\/logo\/image\/\"}}]}<\/script>\n<!-- \/ Yoast SEO plugin. -->","yoast_head_json":{"title":"O NAMA - FRANKOVI\u0106","robots":{"index":"index","follow":"follow","max-snippet":"max-snippet:-1","max-image-preview":"max-image-preview:large","max-video-preview":"max-video-preview:-1"},"canonical":"https:\/\/frankovic.hr\/en\/o-nama\/","og_locale":"hr_HR","og_type":"article","og_title":"O NAMA - FRANKOVI\u0106","og_description":"[vc_row full_width=&#8221;stretch_row&#8221; gap=&#8221;35&#8243; full_height=&#8221;yes&#8221; equal_height=&#8221;yes&#8221; content_placement=&#8221;middle&#8221; css=&#8221;.vc_custom_1512987649698{background-image: url(https:\/\/frankovic.hr\/main_site\/wp-content\/uploads\/2017\/12\/DSC_8828_00.jpg?id=618) !important;background-position: center !important;background-repeat: no-repeat !important;background-size: cover !important;}&#8221;][vc_column][vc_row_inner content_placement=&#8221;middle&#8221; gap=&#8221;35&#8243;][vc_column_inner width=&#8221;1\/2&#8243;][vc_column_text] PRI\u010cA O ljubavi i tradiciji [\/vc_column_text][vc_column_text] Duga\u010dka vinarska tradicija obitelji Frankovi\u0107, generacijama je ostala konstanta, \u010dvr\u0161\u0107a od vezanosti za mjesto, pa ni ljubavlju potaknuto putovanje Josipa Frankovi\u0107a iz sredi\u0161nje Istre u Buje nije ugrozilo od oca usa\u0111enu...","og_url":"https:\/\/frankovic.hr\/en\/o-nama\/","og_site_name":"FRANKOVI\u0106","article_modified_time":"2022-04-01T07:22:51+00:00","twitter_card":"summary_large_image","twitter_misc":{"Procijenjeno vrijeme \u010ditanja":"2 minute"},"schema":{"@context":"https:\/\/schema.org","@graph":[{"@type":"WebPage","@id":"https:\/\/frankovic.hr\/en\/o-nama\/","url":"https:\/\/frankovic.hr\/en\/o-nama\/","name":"O NAMA - FRANKOVI\u0106","isPartOf":{"@id":"https:\/\/frankovic.hr\/hr\/#website"},"datePublished":"2017-10-09T09:15:30+00:00","dateModified":"2022-04-01T07:22:51+00:00","breadcrumb":{"@id":"https:\/\/frankovic.hr\/en\/o-nama\/#breadcrumb"},"inLanguage":"hr","potentialAction":[{"@type":"ReadAction","target":["https:\/\/frankovic.hr\/en\/o-nama\/"]}]},{"@type":"BreadcrumbList","@id":"https:\/\/frankovic.hr\/en\/o-nama\/#breadcrumb","itemListElement":[{"@type":"ListItem","position":1,"name":"Home","item":"https:\/\/frankovic.hr\/en\/"},{"@type":"ListItem","position":2,"name":"ABOUT US"}]},{"@type":"WebSite","@id":"https:\/\/frankovic.hr\/hr\/#website","url":"https:\/\/frankovic.hr\/hr\/","name":"FRANKOVI\u0106","description":"restoran","publisher":{"@id":"https:\/\/frankovic.hr\/hr\/#organization"},"potentialAction":[{"@type":"SearchAction","target":{"@type":"EntryPoint","urlTemplate":"https:\/\/frankovic.hr\/hr\/?s={search_term_string}"},"query-input":{"@type":"PropertyValueSpecification","valueRequired":true,"valueName":"search_term_string"}}],"inLanguage":"hr"},{"@type":"Organization","@id":"https:\/\/frankovic.hr\/hr\/#organization","name":"FRANKOVI\u0106","url":"https:\/\/frankovic.hr\/hr\/","logo":{"@type":"ImageObject","inLanguage":"hr","@id":"https:\/\/frankovic.hr\/hr\/#\/schema\/logo\/image\/","url":"https:\/\/frankovic.hr\/main_site\/wp-content\/uploads\/2017\/10\/logo_vina_frankovic_obrub_500.png","contentUrl":"https:\/\/frankovic.hr\/main_site\/wp-content\/uploads\/2017\/10\/logo_vina_frankovic_obrub_500.png","width":499,"height":155,"caption":"FRANKOVI\u0106"},"image":{"@id":"https:\/\/frankovic.hr\/hr\/#\/schema\/logo\/image\/"}}]}},"_links":{"self":[{"href":"https:\/\/frankovic.hr\/hr\/wp-json\/wp\/v2\/pages\/63","targetHints":{"allow":["GET"]}}],"collection":[{"href":"https:\/\/frankovic.hr\/hr\/wp-json\/wp\/v2\/pages"}],"about":[{"href":"https:\/\/frankovic.hr\/hr\/wp-json\/wp\/v2\/types\/page"}],"author":[{"embeddable":true,"href":"https:\/\/frankovic.hr\/hr\/wp-json\/wp\/v2\/users\/1"}],"replies":[{"embeddable":true,"href":"https:\/\/frankovic.hr\/hr\/wp-json\/wp\/v2\/comments?post=63"}],"version-history":[{"count":9,"href":"https:\/\/frankovic.hr\/hr\/wp-json\/wp\/v2\/pages\/63\/revisions"}],"predecessor-version":[{"id":1424,"href":"https:\/\/frankovic.hr\/hr\/wp-json\/wp\/v2\/pages\/63\/revisions\/1424"}],"wp:attachment":[{"href":"https:\/\/frankovic.hr\/hr\/wp-json\/wp\/v2\/media?parent=63"}],"curies":[{"name":"wp","href":"https:\/\/api.w.org\/{rel}","templated":true}]}}