{"id":66,"date":"2017-10-09T09:15:48","date_gmt":"2017-10-09T09:15:48","guid":{"rendered":"https:\/\/frankovic.hr\/?page_id=66"},"modified":"2026-01-26T22:09:04","modified_gmt":"2026-01-26T22:09:04","slug":"ostarija-rondo","status":"publish","type":"page","link":"https:\/\/frankovic.hr\/hr\/ostarija-rondo\/","title":{"rendered":"O\u0160TARIJA RONDO"},"content":{"rendered":"<div class=\"wpb-content-wrapper\"><style type=\"text\/css\"><\/style><p>[vc_row full_width=&#8221;stretch_row&#8221; gap=&#8221;35&#8243; full_height=&#8221;yes&#8221; columns_placement=&#8221;bottom&#8221; equal_height=&#8221;yes&#8221; content_placement=&#8221;bottom&#8221; css=&#8221;.vc_custom_1522403255082{background-image: url(https:\/\/frankovic.hr\/main_site\/wp-content\/uploads\/2017\/11\/KONOBA-RONDO-hrana-FRANKOVIC-BUJE_home_logo.jpg?id=463) !important;background-position: center !important;background-repeat: no-repeat !important;background-size: cover !important;}&#8221; el_class=&#8221;mobile1&#8243;][vc_column][vc_icon icon_fontawesome=&#8221;fa fa-chevron-down&#8221; color=&#8221;black&#8221; size=&#8221;xs&#8221; align=&#8221;center&#8221; css_animation=&#8221;fadeInDown&#8221;][\/vc_column][\/vc_row][vc_row full_width=&#8221;stretch_row_content_no_spaces&#8221; content_placement=&#8221;top&#8221; css=&#8221;.vc_custom_1522403419894{margin-top: -30px !important;background-position: center !important;background-repeat: no-repeat !important;background-size: cover !important;}&#8221; el_class=&#8221;mobile&#8221;][vc_column][vc_single_image image=&#8221;713&#8243; img_size=&#8221;full&#8221; alignment=&#8221;center&#8221;][\/vc_column][\/vc_row][vc_row full_width=&#8221;stretch_row&#8221; full_height=&#8221;yes&#8221; columns_placement=&#8221;top&#8221; equal_height=&#8221;yes&#8221; content_placement=&#8221;top&#8221; css=&#8221;.vc_custom_1517231447030{background-image: url(https:\/\/frankovic.hr\/main_site\/wp-content\/uploads\/2017\/12\/fresh_snow.png?id=600) !important;background-position: 0 0 !important;background-repeat: repeat !important;}&#8221;][vc_column][vc_row_inner equal_height=&#8221;yes&#8221; content_placement=&#8221;top&#8221; css=&#8221;.vc_custom_1517231454134{margin-top: 50px !important;padding-top: 20px !important;padding-right: 20px !important;padding-bottom: 20px !important;padding-left: 20px !important;}&#8221;][vc_column_inner width=&#8221;1\/2&#8243;][vc_single_image image=&#8221;1438&#8243; img_size=&#8221;full&#8221;][vc_icon type=&#8221;entypo&#8221; icon_entypo=&#8221;entypo-icon entypo-icon-dot-3&#8243; color=&#8221;chino&#8221; size=&#8221;xs&#8221; align=&#8221;center&#8221; css_animation=&#8221;appear&#8221;][vc_single_image image=&#8221;222&#8243; img_size=&#8221;full&#8221;][vc_icon type=&#8221;entypo&#8221; icon_entypo=&#8221;entypo-icon entypo-icon-dot-3&#8243; color=&#8221;chino&#8221; size=&#8221;xs&#8221; align=&#8221;center&#8221; css_animation=&#8221;appear&#8221;][vc_column_text css=&#8221;.vc_custom_1522487900101{padding-top: 30px !important;padding-right: 30px !important;padding-bottom: 30px !important;padding-left: 30px !important;background-color: #ffffff !important;}&#8221;]<span style=\"font-size: 24pt; color: #000000;\">Strogo,<\/span><\/p>\n<h4>ali ne i slijepo,<\/h4>\n<p>dr\u017ee\u0107i se jednostavnih na\u010dela tradicionalne pripreme i po\u0161tuju\u0107i prirodni tok vremena koji odre\u0111uje svje\u017einu doma\u0107ih namirnica, unosimo moderan &#8221;<strong>twist<\/strong>&#8216; koji nije izvrtanje tradicije,\u00a0ve\u0107 komplimentiranje istoj sa puno <strong>ma\u0161te, inovacije i strasti<\/strong> , di\u017eu\u0107i njenu vrijednost i dovode\u0107i je do novog izra\u017eaja.[\/vc_column_text][vc_icon type=&#8221;entypo&#8221; icon_entypo=&#8221;entypo-icon entypo-icon-dot-3&#8243; color=&#8221;chino&#8221; size=&#8221;xs&#8221; align=&#8221;center&#8221; css_animation=&#8221;appear&#8221;][vc_media_grid element_width=&#8221;3&#8243; gap=&#8221;10&#8243; grid_id=&#8221;vc_gid:1648798979272-371ba14f-f58f-2&#8243; include=&#8221;233,214,215,216,218,219,223,234&#8243;][vc_single_image image=&#8221;553&#8243; img_size=&#8221;full&#8221; alignment=&#8221;center&#8221;][vc_column_text]<\/p>\n<p style=\"text-align: center;\"><span style=\"font-size: 12pt;\">Certificirani za pripremu mesa od istarskog goveda Bo\u0161karina<\/span><\/p>\n<p>[\/vc_column_text][\/vc_column_inner][vc_column_inner width=&#8221;1\/2&#8243;][vc_column_text css=&#8221;.vc_custom_1522487877520{padding-top: 30px !important;padding-right: 30px !important;padding-bottom: 30px !important;padding-left: 30px !important;background-color: #ffffff !important;}&#8221;]<span style=\"font-size: 20pt; color: #000000;\">Infuzijom suvremene<\/span><\/p>\n<h4>kreativnosti<\/h4>\n<p>u tradicionalnu esenciju, doma\u0107ih, nadzemnih, podzemnih i podmorskih kulinarskih sastojaka, nastojimo ponuditi najbolje iz oba svijeta.[\/vc_column_text][vc_icon type=&#8221;entypo&#8221; icon_entypo=&#8221;entypo-icon entypo-icon-dot-3&#8243; color=&#8221;chino&#8221; size=&#8221;xs&#8221; align=&#8221;center&#8221; css_animation=&#8221;appear&#8221;][vc_single_image image=&#8221;220&#8243; img_size=&#8221;full&#8221; alignment=&#8221;center&#8221;][vc_icon type=&#8221;entypo&#8221; icon_entypo=&#8221;entypo-icon entypo-icon-dot-3&#8243; color=&#8221;chino&#8221; size=&#8221;xs&#8221; align=&#8221;center&#8221; css_animation=&#8221;appear&#8221;][vc_single_image image=&#8221;217&#8243; img_size=&#8221;full&#8221; alignment=&#8221;center&#8221;][vc_icon type=&#8221;entypo&#8221; icon_entypo=&#8221;entypo-icon entypo-icon-dot-3&#8243; color=&#8221;chino&#8221; size=&#8221;xs&#8221; align=&#8221;center&#8221; css_animation=&#8221;appear&#8221;][vc_single_image image=&#8221;1440&#8243; img_size=&#8221;full&#8221; alignment=&#8221;right&#8221;][vc_icon type=&#8221;entypo&#8221; icon_entypo=&#8221;entypo-icon entypo-icon-dot-3&#8243; color=&#8221;chino&#8221; size=&#8221;xs&#8221; align=&#8221;center&#8221; css_animation=&#8221;appear&#8221;][vc_column_text css=&#8221;.vc_custom_1522487891629{padding-top: 30px !important;padding-right: 30px !important;padding-bottom: 30px !important;padding-left: 30px !important;background-color: #ffffff !important;}&#8221;]<\/p>\n<h4 style=\"text-align: center;\"><span style=\"font-size: 22pt;\">Tradicionalna kuhinja sa modernim \u0161tihom<\/span><\/h4>\n<p>[\/vc_column_text][\/vc_column_inner][\/vc_row_inner][\/vc_column][\/vc_row][vc_row full_width=&#8221;stretch_row&#8221; full_height=&#8221;yes&#8221; equal_height=&#8221;yes&#8221; content_placement=&#8221;middle&#8221; css=&#8221;.vc_custom_1508397143782{background-color: #f2f2f2 !important;background-position: center !important;background-repeat: no-repeat !important;background-size: cover !important;}&#8221;][vc_column css=&#8221;.vc_custom_1511254464260{padding-top: 50px !important;}&#8221;][vc_icon type=&#8221;entypo&#8221; icon_entypo=&#8221;entypo-icon entypo-icon-dot-3&#8243; color=&#8221;chino&#8221; size=&#8221;xs&#8221; align=&#8221;center&#8221; css_animation=&#8221;appear&#8221;][vc_row_inner][vc_column_inner width=&#8221;1\/3&#8243;][vc_single_image image=&#8221;538&#8243; img_size=&#8221;full&#8221;][\/vc_column_inner][vc_column_inner width=&#8221;1\/3&#8243;][vc_single_image image=&#8221;539&#8243; img_size=&#8221;full&#8221;][\/vc_column_inner][vc_column_inner width=&#8221;1\/3&#8243;][vc_single_image image=&#8221;540&#8243; img_size=&#8221;full&#8221;][\/vc_column_inner][\/vc_row_inner][vc_column_text]<strong>Gastronomska ponuda na\u0161eg restorana<\/strong>, ku\u0107a je raznovrsnih, gotovo isklju\u010divo doma\u0107ih specijaliteta; po\u010dev\u0161i od zemljanih plodova u vidu sira, sira s tartufima, pr\u0161uta, ombola i kobasica, preko raznih tjestenina kao \u0161to su rezanci s tartufima, pljukanci sa \u0161umskim gljivama, njoki s bo\u0161karinom, pa preko bifteka s tartufima ili vrganjima, ramsteka na rukoli sa sirom i na istarski, zatim; zaroniv\u0161i dublje u podmorje istarske kuhinje, do orade, brancina i lista na \u017earu, te doma\u0107ih lignji.[\/vc_column_text][vc_row_inner content_placement=&#8221;middle&#8221;][vc_column_inner width=&#8221;1\/3&#8243;][vc_media_grid element_width=&#8221;6&#8243; gap=&#8221;10&#8243; grid_id=&#8221;vc_gid:1648798979274-924dc042-3543-0&#8243; include=&#8221;1445,1444,1443,1442&#8243;][\/vc_column_inner][vc_column_inner width=&#8221;2\/3&#8243;][vc_column_text]<\/p>\n<p style=\"text-align: center;\">Pored toga u ponudi imamo i razne sezonske juhe, kao i istarsku mane\u0161tru s bobi\u0107ima, pizze te razne deserte. Svakom jelu iz na\u0161e ponude mo\u017eemo prilo\u017eiti savr\u0161eno sljubljuju\u0107e vino iz vlastite proizvodnje te na\u0161e ekstra djevi\u010dansko maslinovo ulje.\u00a0<strong>Aktualna sezona<\/strong>, precizni nam je sat i vodi\u010d, jer vrijeme za prirodnu zrelost namirnice, vrijeme je i za smje\u0161tanje na na\u0161 meni.<\/p>\n<p>[\/vc_column_text][vc_icon type=&#8221;entypo&#8221; icon_entypo=&#8221;entypo-icon entypo-icon-dot-3&#8243; color=&#8221;chino&#8221; size=&#8221;xs&#8221; align=&#8221;center&#8221; css_animation=&#8221;appear&#8221;][\/vc_column_inner][\/vc_row_inner][\/vc_column][\/vc_row][vc_row full_width=&#8221;stretch_row&#8221; gap=&#8221;35&#8243; equal_height=&#8221;yes&#8221; content_placement=&#8221;middle&#8221; css=&#8221;.vc_custom_1508752377722{margin-bottom: 50px !important;background-color: #dbaa1d !important;}&#8221;][vc_column width=&#8221;1\/6&#8243;][\/vc_column][vc_column width=&#8221;1\/6&#8243;][vc_single_image image=&#8221;259&#8243; img_size=&#8221;full&#8221;][\/vc_column][vc_column width=&#8221;1\/6&#8243;][\/vc_column][vc_column width=&#8221;1\/2&#8243;][vc_column_text]<\/p>\n<p style=\"text-align: center;\"><span style=\"color: #ffffff;\">Osjetljivi na gluten, tako\u0111er \u0107e se osje\u0107ati\u00a0<\/span><span style=\"color: #ffffff;\">&#8221;kao kod ku\u0107e&#8221;,<\/span><\/p>\n<p style=\"text-align: center;\"><span style=\"color: #ffffff;\">jer \u010ditavu ponudu pripremamo\u00a0i <\/span><span style=\"color: #ffffff;\">BEZ GLUTENA<\/span><\/p>\n<p>[\/vc_column_text][\/vc_column][\/vc_row][vc_row full_width=&#8221;stretch_row&#8221; equal_height=&#8221;yes&#8221; content_placement=&#8221;middle&#8221; css=&#8221;.vc_custom_1517232157740{background: #f2f2f2 url(https:\/\/frankovic.hr\/main_site\/wp-content\/uploads\/2017\/12\/fresh_snow.png?id=600) !important;background-position: 0 0 !important;background-repeat: repeat !important;}&#8221;][vc_column][vc_icon type=&#8221;entypo&#8221; icon_entypo=&#8221;entypo-icon entypo-icon-dot-3&#8243; color=&#8221;chino&#8221; size=&#8221;xs&#8221; align=&#8221;center&#8221; css_animation=&#8221;appear&#8221;][vc_custom_heading text=&#8221;Rezervacije&#8221; font_container=&#8221;tag:h2|text_align:center|color:%23dbaa1d&#8221; use_theme_fonts=&#8221;yes&#8221;][vc_column_text]<\/p>\n<p style=\"text-align: center;\"><em>Ukoliko \u017eelite rezervirati stol za zabavu, ve\u010deru ili dru\u017eenje javite se na email frankovic.rondo@gmail.com\u00a0ili zvati broj 00385 52 772 898<\/em><\/p>\n<p>[\/vc_column_text][\/vc_column][\/vc_row]<\/p>\n<\/div>","protected":false},"excerpt":{"rendered":"<p>[vc_row full_width=&#8221;stretch_row&#8221; gap=&#8221;35&#8243; full_height=&#8221;yes&#8221; columns_placement=&#8221;bottom&#8221; equal_height=&#8221;yes&#8221; content_placement=&#8221;bottom&#8221; css=&#8221;.vc_custom_1522403255082{background-image: url(https:\/\/frankovic.hr\/main_site\/wp-content\/uploads\/2017\/11\/KONOBA-RONDO-hrana-FRANKOVIC-BUJE_home_logo.jpg?id=463) !important;background-position: center !important;background-repeat: no-repeat !important;background-size: cover !important;}&#8221; el_class=&#8221;mobile1&#8243;][vc_column][vc_icon icon_fontawesome=&#8221;fa fa-chevron-down&#8221; color=&#8221;black&#8221; size=&#8221;xs&#8221; align=&#8221;center&#8221; css_animation=&#8221;fadeInDown&#8221;][\/vc_column][\/vc_row][vc_row full_width=&#8221;stretch_row_content_no_spaces&#8221; content_placement=&#8221;top&#8221; css=&#8221;.vc_custom_1522403419894{margin-top: -30px !important;background-position: center !important;background-repeat: no-repeat !important;background-size: cover !important;}&#8221; el_class=&#8221;mobile&#8221;][vc_column][vc_single_image image=&#8221;713&#8243; img_size=&#8221;full&#8221; alignment=&#8221;center&#8221;][\/vc_column][\/vc_row][vc_row full_width=&#8221;stretch_row&#8221; full_height=&#8221;yes&#8221; columns_placement=&#8221;top&#8221; equal_height=&#8221;yes&#8221; content_placement=&#8221;top&#8221; css=&#8221;.vc_custom_1517231447030{background-image: url(https:\/\/frankovic.hr\/main_site\/wp-content\/uploads\/2017\/12\/fresh_snow.png?id=600) !important;background-position: 0 0 !important;background-repeat: repeat !important;}&#8221;][vc_column][vc_row_inner equal_height=&#8221;yes&#8221; content_placement=&#8221;top&#8221; css=&#8221;.vc_custom_1517231454134{margin-top: 50px&#8230;<\/p>\n","protected":false},"author":1,"featured_media":0,"parent":0,"menu_order":0,"comment_status":"closed","ping_status":"closed","template":"","meta":{"footnotes":""},"class_list":["post-66","page","type-page","status-publish","hentry"],"yoast_head":"<!-- This site is optimized with the Yoast SEO plugin v26.8 - https:\/\/yoast.com\/product\/yoast-seo-wordpress\/ -->\n<title>O\u0160TARIJA RONDO - FRANKOVI\u0106<\/title>\n<meta name=\"robots\" content=\"index, follow, max-snippet:-1, max-image-preview:large, max-video-preview:-1\" \/>\n<link rel=\"canonical\" href=\"https:\/\/frankovic.hr\/hr\/ostarija-rondo\/\" \/>\n<meta property=\"og:locale\" content=\"hr_HR\" \/>\n<meta property=\"og:type\" content=\"article\" \/>\n<meta property=\"og:title\" content=\"O\u0160TARIJA RONDO - FRANKOVI\u0106\" \/>\n<meta property=\"og:description\" content=\"[vc_row full_width=&#8221;stretch_row&#8221; gap=&#8221;35&#8243; full_height=&#8221;yes&#8221; columns_placement=&#8221;bottom&#8221; equal_height=&#8221;yes&#8221; content_placement=&#8221;bottom&#8221; css=&#8221;.vc_custom_1522403255082{background-image: url(https:\/\/frankovic.hr\/main_site\/wp-content\/uploads\/2017\/11\/KONOBA-RONDO-hrana-FRANKOVIC-BUJE_home_logo.jpg?id=463) !important;background-position: center !important;background-repeat: no-repeat !important;background-size: cover !important;}&#8221; el_class=&#8221;mobile1&#8243;][vc_column][vc_icon icon_fontawesome=&#8221;fa fa-chevron-down&#8221; color=&#8221;black&#8221; size=&#8221;xs&#8221; align=&#8221;center&#8221; css_animation=&#8221;fadeInDown&#8221;][\/vc_column][\/vc_row][vc_row full_width=&#8221;stretch_row_content_no_spaces&#8221; content_placement=&#8221;top&#8221; css=&#8221;.vc_custom_1522403419894{margin-top: -30px !important;background-position: center !important;background-repeat: no-repeat !important;background-size: cover !important;}&#8221; el_class=&#8221;mobile&#8221;][vc_column][vc_single_image image=&#8221;713&#8243; img_size=&#8221;full&#8221; alignment=&#8221;center&#8221;][\/vc_column][\/vc_row][vc_row full_width=&#8221;stretch_row&#8221; full_height=&#8221;yes&#8221; columns_placement=&#8221;top&#8221; equal_height=&#8221;yes&#8221; content_placement=&#8221;top&#8221; css=&#8221;.vc_custom_1517231447030{background-image: url(https:\/\/frankovic.hr\/main_site\/wp-content\/uploads\/2017\/12\/fresh_snow.png?id=600) !important;background-position: 0 0 !important;background-repeat: repeat !important;}&#8221;][vc_column][vc_row_inner equal_height=&#8221;yes&#8221; content_placement=&#8221;top&#8221; css=&#8221;.vc_custom_1517231454134{margin-top: 50px...\" \/>\n<meta property=\"og:url\" content=\"https:\/\/frankovic.hr\/hr\/ostarija-rondo\/\" \/>\n<meta property=\"og:site_name\" content=\"FRANKOVI\u0106\" \/>\n<meta property=\"article:modified_time\" content=\"2026-01-26T22:09:04+00:00\" \/>\n<meta name=\"twitter:card\" content=\"summary_large_image\" \/>\n<meta name=\"twitter:label1\" content=\"Procijenjeno vrijeme \u010ditanja\" \/>\n\t<meta name=\"twitter:data1\" content=\"8 minuta\" \/>\n<script type=\"application\/ld+json\" class=\"yoast-schema-graph\">{\"@context\":\"https:\/\/schema.org\",\"@graph\":[{\"@type\":\"WebPage\",\"@id\":\"https:\/\/frankovic.hr\/hr\/ostarija-rondo\/\",\"url\":\"https:\/\/frankovic.hr\/hr\/ostarija-rondo\/\",\"name\":\"O\u0160TARIJA RONDO - FRANKOVI\u0106\",\"isPartOf\":{\"@id\":\"https:\/\/frankovic.hr\/hr\/#website\"},\"datePublished\":\"2017-10-09T09:15:48+00:00\",\"dateModified\":\"2026-01-26T22:09:04+00:00\",\"breadcrumb\":{\"@id\":\"https:\/\/frankovic.hr\/hr\/ostarija-rondo\/#breadcrumb\"},\"inLanguage\":\"hr\",\"potentialAction\":[{\"@type\":\"ReadAction\",\"target\":[\"https:\/\/frankovic.hr\/hr\/ostarija-rondo\/\"]}]},{\"@type\":\"BreadcrumbList\",\"@id\":\"https:\/\/frankovic.hr\/hr\/ostarija-rondo\/#breadcrumb\",\"itemListElement\":[{\"@type\":\"ListItem\",\"position\":1,\"name\":\"Home\",\"item\":\"https:\/\/frankovic.hr\/en\/\"},{\"@type\":\"ListItem\",\"position\":2,\"name\":\"O\u0160TARIJA RONDO\"}]},{\"@type\":\"WebSite\",\"@id\":\"https:\/\/frankovic.hr\/hr\/#website\",\"url\":\"https:\/\/frankovic.hr\/hr\/\",\"name\":\"FRANKOVI\u0106\",\"description\":\"restoran\",\"publisher\":{\"@id\":\"https:\/\/frankovic.hr\/hr\/#organization\"},\"potentialAction\":[{\"@type\":\"SearchAction\",\"target\":{\"@type\":\"EntryPoint\",\"urlTemplate\":\"https:\/\/frankovic.hr\/hr\/?s={search_term_string}\"},\"query-input\":{\"@type\":\"PropertyValueSpecification\",\"valueRequired\":true,\"valueName\":\"search_term_string\"}}],\"inLanguage\":\"hr\"},{\"@type\":\"Organization\",\"@id\":\"https:\/\/frankovic.hr\/hr\/#organization\",\"name\":\"FRANKOVI\u0106\",\"url\":\"https:\/\/frankovic.hr\/hr\/\",\"logo\":{\"@type\":\"ImageObject\",\"inLanguage\":\"hr\",\"@id\":\"https:\/\/frankovic.hr\/hr\/#\/schema\/logo\/image\/\",\"url\":\"https:\/\/frankovic.hr\/main_site\/wp-content\/uploads\/2017\/10\/logo_vina_frankovic_obrub_500.png\",\"contentUrl\":\"https:\/\/frankovic.hr\/main_site\/wp-content\/uploads\/2017\/10\/logo_vina_frankovic_obrub_500.png\",\"width\":499,\"height\":155,\"caption\":\"FRANKOVI\u0106\"},\"image\":{\"@id\":\"https:\/\/frankovic.hr\/hr\/#\/schema\/logo\/image\/\"}}]}<\/script>\n<!-- \/ Yoast SEO plugin. -->","yoast_head_json":{"title":"O\u0160TARIJA RONDO - FRANKOVI\u0106","robots":{"index":"index","follow":"follow","max-snippet":"max-snippet:-1","max-image-preview":"max-image-preview:large","max-video-preview":"max-video-preview:-1"},"canonical":"https:\/\/frankovic.hr\/hr\/ostarija-rondo\/","og_locale":"hr_HR","og_type":"article","og_title":"O\u0160TARIJA RONDO - FRANKOVI\u0106","og_description":"[vc_row full_width=&#8221;stretch_row&#8221; gap=&#8221;35&#8243; full_height=&#8221;yes&#8221; columns_placement=&#8221;bottom&#8221; equal_height=&#8221;yes&#8221; content_placement=&#8221;bottom&#8221; css=&#8221;.vc_custom_1522403255082{background-image: url(https:\/\/frankovic.hr\/main_site\/wp-content\/uploads\/2017\/11\/KONOBA-RONDO-hrana-FRANKOVIC-BUJE_home_logo.jpg?id=463) !important;background-position: center !important;background-repeat: no-repeat !important;background-size: cover !important;}&#8221; el_class=&#8221;mobile1&#8243;][vc_column][vc_icon icon_fontawesome=&#8221;fa fa-chevron-down&#8221; color=&#8221;black&#8221; size=&#8221;xs&#8221; align=&#8221;center&#8221; css_animation=&#8221;fadeInDown&#8221;][\/vc_column][\/vc_row][vc_row full_width=&#8221;stretch_row_content_no_spaces&#8221; content_placement=&#8221;top&#8221; css=&#8221;.vc_custom_1522403419894{margin-top: -30px !important;background-position: center !important;background-repeat: no-repeat !important;background-size: cover !important;}&#8221; el_class=&#8221;mobile&#8221;][vc_column][vc_single_image image=&#8221;713&#8243; img_size=&#8221;full&#8221; alignment=&#8221;center&#8221;][\/vc_column][\/vc_row][vc_row full_width=&#8221;stretch_row&#8221; full_height=&#8221;yes&#8221; columns_placement=&#8221;top&#8221; equal_height=&#8221;yes&#8221; content_placement=&#8221;top&#8221; css=&#8221;.vc_custom_1517231447030{background-image: url(https:\/\/frankovic.hr\/main_site\/wp-content\/uploads\/2017\/12\/fresh_snow.png?id=600) !important;background-position: 0 0 !important;background-repeat: repeat !important;}&#8221;][vc_column][vc_row_inner equal_height=&#8221;yes&#8221; content_placement=&#8221;top&#8221; css=&#8221;.vc_custom_1517231454134{margin-top: 50px...","og_url":"https:\/\/frankovic.hr\/hr\/ostarija-rondo\/","og_site_name":"FRANKOVI\u0106","article_modified_time":"2026-01-26T22:09:04+00:00","twitter_card":"summary_large_image","twitter_misc":{"Procijenjeno vrijeme \u010ditanja":"8 minuta"},"schema":{"@context":"https:\/\/schema.org","@graph":[{"@type":"WebPage","@id":"https:\/\/frankovic.hr\/hr\/ostarija-rondo\/","url":"https:\/\/frankovic.hr\/hr\/ostarija-rondo\/","name":"O\u0160TARIJA RONDO - FRANKOVI\u0106","isPartOf":{"@id":"https:\/\/frankovic.hr\/hr\/#website"},"datePublished":"2017-10-09T09:15:48+00:00","dateModified":"2026-01-26T22:09:04+00:00","breadcrumb":{"@id":"https:\/\/frankovic.hr\/hr\/ostarija-rondo\/#breadcrumb"},"inLanguage":"hr","potentialAction":[{"@type":"ReadAction","target":["https:\/\/frankovic.hr\/hr\/ostarija-rondo\/"]}]},{"@type":"BreadcrumbList","@id":"https:\/\/frankovic.hr\/hr\/ostarija-rondo\/#breadcrumb","itemListElement":[{"@type":"ListItem","position":1,"name":"Home","item":"https:\/\/frankovic.hr\/en\/"},{"@type":"ListItem","position":2,"name":"O\u0160TARIJA RONDO"}]},{"@type":"WebSite","@id":"https:\/\/frankovic.hr\/hr\/#website","url":"https:\/\/frankovic.hr\/hr\/","name":"FRANKOVI\u0106","description":"restoran","publisher":{"@id":"https:\/\/frankovic.hr\/hr\/#organization"},"potentialAction":[{"@type":"SearchAction","target":{"@type":"EntryPoint","urlTemplate":"https:\/\/frankovic.hr\/hr\/?s={search_term_string}"},"query-input":{"@type":"PropertyValueSpecification","valueRequired":true,"valueName":"search_term_string"}}],"inLanguage":"hr"},{"@type":"Organization","@id":"https:\/\/frankovic.hr\/hr\/#organization","name":"FRANKOVI\u0106","url":"https:\/\/frankovic.hr\/hr\/","logo":{"@type":"ImageObject","inLanguage":"hr","@id":"https:\/\/frankovic.hr\/hr\/#\/schema\/logo\/image\/","url":"https:\/\/frankovic.hr\/main_site\/wp-content\/uploads\/2017\/10\/logo_vina_frankovic_obrub_500.png","contentUrl":"https:\/\/frankovic.hr\/main_site\/wp-content\/uploads\/2017\/10\/logo_vina_frankovic_obrub_500.png","width":499,"height":155,"caption":"FRANKOVI\u0106"},"image":{"@id":"https:\/\/frankovic.hr\/hr\/#\/schema\/logo\/image\/"}}]}},"_links":{"self":[{"href":"https:\/\/frankovic.hr\/hr\/wp-json\/wp\/v2\/pages\/66","targetHints":{"allow":["GET"]}}],"collection":[{"href":"https:\/\/frankovic.hr\/hr\/wp-json\/wp\/v2\/pages"}],"about":[{"href":"https:\/\/frankovic.hr\/hr\/wp-json\/wp\/v2\/types\/page"}],"author":[{"embeddable":true,"href":"https:\/\/frankovic.hr\/hr\/wp-json\/wp\/v2\/users\/1"}],"replies":[{"embeddable":true,"href":"https:\/\/frankovic.hr\/hr\/wp-json\/wp\/v2\/comments?post=66"}],"version-history":[{"count":11,"href":"https:\/\/frankovic.hr\/hr\/wp-json\/wp\/v2\/pages\/66\/revisions"}],"predecessor-version":[{"id":1447,"href":"https:\/\/frankovic.hr\/hr\/wp-json\/wp\/v2\/pages\/66\/revisions\/1447"}],"wp:attachment":[{"href":"https:\/\/frankovic.hr\/hr\/wp-json\/wp\/v2\/media?parent=66"}],"curies":[{"name":"wp","href":"https:\/\/api.w.org\/{rel}","templated":true}]}}