{"id":855,"date":"2017-12-18T12:15:50","date_gmt":"2017-12-18T12:15:50","guid":{"rendered":"https:\/\/frankovic.hr\/?page_id=855"},"modified":"2024-10-24T11:45:34","modified_gmt":"2024-10-24T11:45:34","slug":"bellastella","status":"publish","type":"page","link":"https:\/\/frankovic.hr\/hr\/accommodation\/bellastella\/","title":{"rendered":"BELLA&#038;STELLA"},"content":{"rendered":"<div class=\"wpb-content-wrapper\"><style type=\"text\/css\"><\/style><p>[vc_row full_width=&#8221;stretch_row&#8221; full_height=&#8221;yes&#8221; equal_height=&#8221;yes&#8221; content_placement=&#8221;middle&#8221; css=&#8221;.vc_custom_1513602870394{background-image: url(https:\/\/frankovic.hr\/main_site\/wp-content\/uploads\/2017\/12\/SOBE-BELLASTELLA.jpg?id=906) !important;background-position: center !important;background-repeat: no-repeat !important;background-size: cover !important;}&#8221;][vc_column][vc_column_text]<\/p>\n<h4 style=\"text-align: center;\">Stella &amp; Bella<\/h4>\n<p>[\/vc_column_text][vc_btn title=&#8221;BOOK NOW&#8221; size=&#8221;lg&#8221; align=&#8221;center&#8221; link=&#8221;url:https%3A%2F%2Fbellaistella.book.rentl.io|||&#8221;][vc_icon icon_fontawesome=&#8221;fa fa-angle-down&#8221; color=&#8221;white&#8221; align=&#8221;center&#8221;][\/vc_column][\/vc_row][vc_row full_width=&#8221;stretch_row&#8221; equal_height=&#8221;yes&#8221; content_placement=&#8221;middle&#8221; css=&#8221;.vc_custom_1519209342901{padding-top: 100px !important;background-image: url(https:\/\/frankovic.hr\/main_site\/wp-content\/uploads\/2017\/12\/bg_black.jpg?id=918) !important;background-position: 0 0 !important;background-repeat: repeat !important;}&#8221;][vc_column css=&#8221;.vc_custom_1518430501984{padding-bottom: 50px !important;}&#8221;][vc_column_text css=&#8221;.vc_custom_1519209280488{padding-bottom: 50px !important;}&#8221;]<\/p>\n<p style=\"text-align: center;\"><span style=\"color: #ffffff;\">Nalazimo se u srcu malog slikovitog grada <strong>Buja<\/strong>, smje\u0161tenog na bre\u017euljku. Ovo srednjovjekovno naselje nudi <strong>autenti\u010dni<\/strong> krajolik i nezaboravne vizure. To je mirno mjesto na kojemu mo\u017eete u\u017eivati u istinskoj ljepoti <strong>Istre<\/strong>. Nalazi se na divnoj lokaciji sjeverozapadne Istre, gdje imate priliku provesti svoje vrijeme na ne toliko napu\u010denom mjestu, a ipak imati privilegiju da ste veoma blizu moru (udaljenost od 12 minuta). To je mjesto znamenito po biciklisti\u010dkoj stazi <strong>Parenzana<\/strong> koja je dobila ime prema \u010duvenoj \u017eeljezni\u010dkoj pruzi koja je po\u010detkom 20. stolje\u0107a povezivala Istru s unutra\u0161njo\u0161\u0107u Austro-Ugarske Monarhije, Pore\u010d s Trstom.<\/span><\/p>\n<p>[\/vc_column_text][\/vc_column][\/vc_row][vc_row full_width=&#8221;stretch_row&#8221; content_placement=&#8221;middle&#8221; css=&#8221;.vc_custom_1513604137738{padding-top: 100px !important;padding-bottom: 150px !important;background-image: url(https:\/\/frankovic.hr\/main_site\/wp-content\/uploads\/2017\/12\/fresh_snow.png?id=600) !important;background-position: 0 0 !important;background-repeat: repeat !important;}&#8221;][vc_column width=&#8221;1\/2&#8243; css=&#8221;.vc_custom_1518430501984{padding-bottom: 50px !important;}&#8221;][vc_row_inner content_placement=&#8221;middle&#8221;][vc_column_inner][vc_column_text css=&#8221;.vc_custom_1520947118028{padding-right: 30px !important;}&#8221;]<\/p>\n<p style=\"text-align: center;\"><span style=\"font-size: 26pt; color: #000000;\">Bella &amp; Stella Rooms<strong>****<\/strong><\/span><br \/>\n<span style=\"font-size: 12pt; color: #000000;\">Priu\u0161tite si nezaboravan odmor u na\u0161im deluxe sobama Bella &amp; Stella.<\/span><\/p>\n<p style=\"text-align: center;\">Ove moderno namje\u0161tene sobe kategorizirane su sa 4 zvijezdice. Pru\u017eiti \u0107e Vam sve \u0161to je potrebno za Va\u0161 ugodan i relaksiraju\u0107i boravak. Svaka soba sadr\u017ei prostrani bra\u010dni krevet, klima-ure\u0111aj, LCD TV sa satelitskim priklju\u010dkom, vlastitu kupaonicu s tu\u0161em, stol i kutak za sjedenje te minibar. Gosti imaju na raspolaganju posteljinu, ru\u010dnike, besplatan be\u017ei\u010dni internet, su\u0161ilo za kosu, papu\u010de te sve kozmeti\u010dke potrep\u0161tine. Bella \u0107e vam do\u010darati boju, miris i okus na\u0161eg ekstra djevi\u010danskog maslinovog ulja, dok \u0107ete u Stelli mo\u0107i osjetiti razigranost i perlanje na\u0161eg izuzetnog pjenu\u0161avog vina.<\/p>\n<p>[\/vc_column_text][\/vc_column_inner][\/vc_row_inner][\/vc_column][vc_column width=&#8221;1\/2&#8243;][vc_media_grid element_width=&#8221;6&#8243; grid_id=&#8221;vc_gid:1729770256741-1427d224-c87f-3&#8243; include=&#8221;871,874,860,850&#8243;][\/vc_column][\/vc_row][vc_row full_width=&#8221;stretch_row&#8221; content_placement=&#8221;middle&#8221; css=&#8221;.vc_custom_1513603918098{padding-top: 60px !important;padding-bottom: 60px !important;background-image: url(https:\/\/frankovic.hr\/main_site\/wp-content\/uploads\/2017\/12\/bg_black.jpg?id=918) !important;background-position: 0 0 !important;background-repeat: repeat !important;}&#8221;][vc_column width=&#8221;1\/6&#8243;][vc_column_text]<\/p>\n<p style=\"text-align: center;\"><span style=\"font-size: 14pt;\">balkon s pogledom<\/span><\/p>\n<p style=\"text-align: center;\"><span style=\"font-size: 24pt;\">klima ure\u0111aj<\/span><\/p>\n<p style=\"text-align: center;\">minibar<\/p>\n<p>[\/vc_column_text][\/vc_column][vc_column width=&#8221;1\/6&#8243;][vc_column_text]<\/p>\n<p style=\"text-align: center;\"><span style=\"font-size: 24pt;\">besplatni WiFi<\/span><\/p>\n<p style=\"text-align: center;\"><span style=\"font-size: 8pt;\">objekt nudi doru\u010dak<\/span><\/p>\n<p style=\"text-align: center;\"><span style=\"font-size: 14pt;\">TV ravnog ekrana<\/span><\/p>\n<p>[\/vc_column_text][\/vc_column][vc_column width=&#8221;1\/6&#8243;][vc_column_text]<\/p>\n<p style=\"text-align: center;\"><span style=\"font-size: 20pt;\">satelitski programi<\/span><\/p>\n<p style=\"text-align: center;\"><span style=\"font-size: 12pt;\">besplatno parkirali\u0161te<\/span><\/p>\n<p style=\"text-align: center;\"><span style=\"font-size: 16pt;\">radni stol<\/span><\/p>\n<p>[\/vc_column_text][\/vc_column][vc_column width=&#8221;1\/6&#8243;][vc_column_text]<\/p>\n<p style=\"text-align: center;\"><span style=\"font-size: 12pt;\">prostor za sjedenje<\/span><\/p>\n<p style=\"text-align: center;\"><span style=\"font-size: 14pt;\">garderoba<\/span><\/p>\n<p style=\"text-align: center;\"><span style=\"font-size: 24pt;\">tepih<\/span><\/p>\n<p>[\/vc_column_text][\/vc_column][vc_column width=&#8221;1\/6&#8243;][vc_column_text]<\/p>\n<p style=\"text-align: center;\"><span style=\"font-size: 20pt;\">tu\u0161 kabina<\/span><\/p>\n<p style=\"text-align: center;\"><span style=\"font-size: 24pt;\">su\u0161ilo za kosu<\/span><\/p>\n<p style=\"text-align: center;\"><span style=\"font-size: 12pt;\">toaletni papir<\/span><\/p>\n<p>[\/vc_column_text][\/vc_column][vc_column width=&#8221;1\/6&#8243;][vc_column_text]<\/p>\n<p style=\"text-align: center;\"><span style=\"font-size: 16pt;\">papu\u010de<\/span><\/p>\n<p style=\"text-align: center;\">ru\u010dnici<\/p>\n<p style=\"text-align: center;\"><span style=\"font-size: 20pt;\">posteljina<\/span><\/p>\n<p>[\/vc_column_text][\/vc_column][\/vc_row][vc_row full_width=&#8221;stretch_row&#8221; equal_height=&#8221;yes&#8221; content_placement=&#8221;middle&#8221; css=&#8221;.vc_custom_1519209131158{padding-top: 100px !important;padding-bottom: 150px !important;background-image: url(https:\/\/frankovic.hr\/main_site\/wp-content\/uploads\/2017\/12\/fresh_snow.png?id=600) !important;background-position: 0 0 !important;background-repeat: repeat !important;}&#8221;][vc_column css=&#8221;.vc_custom_1518430501984{padding-bottom: 50px !important;}&#8221;][vc_row_inner content_placement=&#8221;middle&#8221;][vc_column_inner width=&#8221;2\/3&#8243;][vc_column_text css=&#8221;.vc_custom_1519209152566{padding-right: 30px !important;}&#8221;]<\/p>\n<p style=\"text-align: center;\"><span style=\"font-size: 26pt; color: #000000;\">Sadr\u017eaji u blizini<\/span><\/p>\n<p style=\"text-align: center;\">Ako ste ljubitelji sporta u Bujama \u0107ete se mo\u0107i oku\u0161ati u tenisu. Nedaleko od Buja, na ran\u010du Goli Vrh na\u0107i \u0107ete razli\u010dite oblike terapijskog jahanja konja koji \u0107e vam pomo\u0107i rije\u0161iti se stresa. Na samo 15-tak minuta od Buja, smje\u0161ten na Crvenom Vrhu, na\u0107i \u0107ete Golf Club Adriatic prvo profesionalno golf igrali\u0161te u Istri. Smatra se kako je posebno zanimljiv zbog valovitog terena i gotovo idili\u010dnog krajobraza kako profesionalnim igra\u010dima, tako i po\u010detnicima. Ljubitelji speleologije upoznati \u0107e tajnovitu igru prirode koja je nastajala tisu\u0107lje\u0107ima, daleko od danjeg svjetla i ljudskog oka u podzemnom svijetu jame Baredine, kraj Nove Vasi. Dok se nedaleko od Brtonigle, nalazi ulaz u jednu od najve\u0107ih podzemnih dvorana u Istri koja je bogata sigama raznih boja, visokim stalagmitima koji joj daju posebnu \u010dar \u2013 \u0161pilja Mramornica. Zvjezdarnica Vi\u0161njan, svega 3km od Vi\u0161njana, pru\u017eiti \u0107e Vam nezaboravan pogled na nebeska tijela. Samo nekoliko minuta od Buja, nad dolinom rijeke Dragonje, mo\u0107i \u0107ete u\u017eivati u \u010darima momjanskog ka\u0161tela Rota. Isto tako, u samoj blizini Buja nalazi se i mali istarski gradi\u0107 Gro\u017enjan znan i kao \u2018Grad umjetnika\u2019 koji svojim galerijama i umjetni\u010dkim \u0161armom odu\u0161evljava svakog posjetitelja.<\/p>\n<p>[\/vc_column_text][\/vc_column_inner][vc_column_inner width=&#8221;1\/3&#8243;][vc_column_text css=&#8221;.vc_custom_1518430812667{padding-right: 30px !important;}&#8221;]<\/p>\n<p style=\"text-align: center;\"><span style=\"font-size: 26pt; color: #000000;\">Udaljenosti<\/span><\/p>\n<p style=\"text-align: center;\"><strong>Umag<\/strong> 12km<br \/>\n<strong>Novigrad<\/strong> 12km<br \/>\n<strong>Pore\u010d<\/strong> 38km<br \/>\n<strong>Rovinj<\/strong> 60km<br \/>\n<strong>Pula<\/strong> 78km<br \/>\n<strong>Rijeka<\/strong> 85km<br \/>\n<strong>Kopar<\/strong> (SLO) 24km<br \/>\n<strong>Trst<\/strong> (IT) 40km<\/p>\n<p>[\/vc_column_text][\/vc_column_inner][\/vc_row_inner][\/vc_column][\/vc_row][vc_row full_width=&#8221;stretch_row_content_no_spaces&#8221;][vc_column][vc_media_grid element_width=&#8221;3&#8243; gap=&#8221;15&#8243; grid_id=&#8221;vc_gid:1729770256744-7d556347-642c-7&#8243; include=&#8221;874,873,871,870,869,868,867,875,857,856,861,860,859,858,850,866,865,864,862,863&#8243;][\/vc_column][\/vc_row]<\/p>\n<\/div>","protected":false},"excerpt":{"rendered":"<p>[vc_row full_width=&#8221;stretch_row&#8221; full_height=&#8221;yes&#8221; equal_height=&#8221;yes&#8221; content_placement=&#8221;middle&#8221; css=&#8221;.vc_custom_1513602870394{background-image: url(https:\/\/frankovic.hr\/main_site\/wp-content\/uploads\/2017\/12\/SOBE-BELLASTELLA.jpg?id=906) !important;background-position: center !important;background-repeat: no-repeat !important;background-size: cover !important;}&#8221;][vc_column][vc_column_text] Stella &amp; Bella [\/vc_column_text][vc_btn title=&#8221;BOOK NOW&#8221; size=&#8221;lg&#8221; align=&#8221;center&#8221; link=&#8221;url:https%3A%2F%2Fbellaistella.book.rentl.io|||&#8221;][vc_icon icon_fontawesome=&#8221;fa fa-angle-down&#8221; color=&#8221;white&#8221; align=&#8221;center&#8221;][\/vc_column][\/vc_row][vc_row full_width=&#8221;stretch_row&#8221; equal_height=&#8221;yes&#8221; content_placement=&#8221;middle&#8221; css=&#8221;.vc_custom_1519209342901{padding-top: 100px !important;background-image: url(https:\/\/frankovic.hr\/main_site\/wp-content\/uploads\/2017\/12\/bg_black.jpg?id=918) !important;background-position: 0 0 !important;background-repeat: repeat !important;}&#8221;][vc_column css=&#8221;.vc_custom_1518430501984{padding-bottom: 50px !important;}&#8221;][vc_column_text css=&#8221;.vc_custom_1519209280488{padding-bottom: 50px !important;}&#8221;] Nalazimo se u srcu malog slikovitog grada Buja, smje\u0161tenog&#8230;<\/p>\n","protected":false},"author":1,"featured_media":0,"parent":69,"menu_order":0,"comment_status":"closed","ping_status":"closed","template":"","meta":{"footnotes":""},"class_list":["post-855","page","type-page","status-publish","hentry"],"yoast_head":"<!-- This site is optimized with the Yoast SEO plugin v26.8 - https:\/\/yoast.com\/product\/yoast-seo-wordpress\/ -->\n<title>BELLA&amp;STELLA - FRANKOVI\u0106<\/title>\n<meta name=\"robots\" content=\"index, follow, max-snippet:-1, max-image-preview:large, max-video-preview:-1\" \/>\n<link rel=\"canonical\" href=\"https:\/\/frankovic.hr\/en\/accommodation\/bellastella\/\" \/>\n<meta property=\"og:locale\" content=\"hr_HR\" \/>\n<meta property=\"og:type\" content=\"article\" \/>\n<meta property=\"og:title\" content=\"BELLA&amp;STELLA - FRANKOVI\u0106\" \/>\n<meta property=\"og:description\" content=\"[vc_row full_width=&#8221;stretch_row&#8221; full_height=&#8221;yes&#8221; equal_height=&#8221;yes&#8221; content_placement=&#8221;middle&#8221; css=&#8221;.vc_custom_1513602870394{background-image: url(https:\/\/frankovic.hr\/main_site\/wp-content\/uploads\/2017\/12\/SOBE-BELLASTELLA.jpg?id=906) !important;background-position: center !important;background-repeat: no-repeat !important;background-size: cover !important;}&#8221;][vc_column][vc_column_text] Stella &amp; Bella [\/vc_column_text][vc_btn title=&#8221;BOOK NOW&#8221; size=&#8221;lg&#8221; align=&#8221;center&#8221; link=&#8221;url:https%3A%2F%2Fbellaistella.book.rentl.io|||&#8221;][vc_icon icon_fontawesome=&#8221;fa fa-angle-down&#8221; color=&#8221;white&#8221; align=&#8221;center&#8221;][\/vc_column][\/vc_row][vc_row full_width=&#8221;stretch_row&#8221; equal_height=&#8221;yes&#8221; content_placement=&#8221;middle&#8221; css=&#8221;.vc_custom_1519209342901{padding-top: 100px !important;background-image: url(https:\/\/frankovic.hr\/main_site\/wp-content\/uploads\/2017\/12\/bg_black.jpg?id=918) !important;background-position: 0 0 !important;background-repeat: repeat !important;}&#8221;][vc_column css=&#8221;.vc_custom_1518430501984{padding-bottom: 50px !important;}&#8221;][vc_column_text css=&#8221;.vc_custom_1519209280488{padding-bottom: 50px !important;}&#8221;] Nalazimo se u srcu malog slikovitog grada Buja, smje\u0161tenog...\" \/>\n<meta property=\"og:url\" content=\"https:\/\/frankovic.hr\/en\/accommodation\/bellastella\/\" \/>\n<meta property=\"og:site_name\" content=\"FRANKOVI\u0106\" \/>\n<meta property=\"article:modified_time\" content=\"2024-10-24T11:45:34+00:00\" \/>\n<meta name=\"twitter:card\" content=\"summary_large_image\" \/>\n<meta name=\"twitter:label1\" content=\"Procijenjeno vrijeme \u010ditanja\" \/>\n\t<meta name=\"twitter:data1\" content=\"10 minuta\" \/>\n<script type=\"application\/ld+json\" class=\"yoast-schema-graph\">{\"@context\":\"https:\/\/schema.org\",\"@graph\":[{\"@type\":\"WebPage\",\"@id\":\"https:\/\/frankovic.hr\/en\/accommodation\/bellastella\/\",\"url\":\"https:\/\/frankovic.hr\/en\/accommodation\/bellastella\/\",\"name\":\"BELLA&STELLA - FRANKOVI\u0106\",\"isPartOf\":{\"@id\":\"https:\/\/frankovic.hr\/hr\/#website\"},\"datePublished\":\"2017-12-18T12:15:50+00:00\",\"dateModified\":\"2024-10-24T11:45:34+00:00\",\"breadcrumb\":{\"@id\":\"https:\/\/frankovic.hr\/en\/accommodation\/bellastella\/#breadcrumb\"},\"inLanguage\":\"hr\",\"potentialAction\":[{\"@type\":\"ReadAction\",\"target\":[\"https:\/\/frankovic.hr\/en\/accommodation\/bellastella\/\"]}]},{\"@type\":\"BreadcrumbList\",\"@id\":\"https:\/\/frankovic.hr\/en\/accommodation\/bellastella\/#breadcrumb\",\"itemListElement\":[{\"@type\":\"ListItem\",\"position\":1,\"name\":\"Home\",\"item\":\"https:\/\/frankovic.hr\/en\/\"},{\"@type\":\"ListItem\",\"position\":2,\"name\":\"ACCOMMODATION\",\"item\":\"https:\/\/frankovic.hr\/en\/accommodation\/\"},{\"@type\":\"ListItem\",\"position\":3,\"name\":\"BELLA&#038;STELLA\"}]},{\"@type\":\"WebSite\",\"@id\":\"https:\/\/frankovic.hr\/hr\/#website\",\"url\":\"https:\/\/frankovic.hr\/hr\/\",\"name\":\"FRANKOVI\u0106\",\"description\":\"restoran\",\"publisher\":{\"@id\":\"https:\/\/frankovic.hr\/hr\/#organization\"},\"potentialAction\":[{\"@type\":\"SearchAction\",\"target\":{\"@type\":\"EntryPoint\",\"urlTemplate\":\"https:\/\/frankovic.hr\/hr\/?s={search_term_string}\"},\"query-input\":{\"@type\":\"PropertyValueSpecification\",\"valueRequired\":true,\"valueName\":\"search_term_string\"}}],\"inLanguage\":\"hr\"},{\"@type\":\"Organization\",\"@id\":\"https:\/\/frankovic.hr\/hr\/#organization\",\"name\":\"FRANKOVI\u0106\",\"url\":\"https:\/\/frankovic.hr\/hr\/\",\"logo\":{\"@type\":\"ImageObject\",\"inLanguage\":\"hr\",\"@id\":\"https:\/\/frankovic.hr\/hr\/#\/schema\/logo\/image\/\",\"url\":\"https:\/\/frankovic.hr\/main_site\/wp-content\/uploads\/2017\/10\/logo_vina_frankovic_obrub_500.png\",\"contentUrl\":\"https:\/\/frankovic.hr\/main_site\/wp-content\/uploads\/2017\/10\/logo_vina_frankovic_obrub_500.png\",\"width\":499,\"height\":155,\"caption\":\"FRANKOVI\u0106\"},\"image\":{\"@id\":\"https:\/\/frankovic.hr\/hr\/#\/schema\/logo\/image\/\"}}]}<\/script>\n<!-- \/ Yoast SEO plugin. -->","yoast_head_json":{"title":"BELLA&STELLA - FRANKOVI\u0106","robots":{"index":"index","follow":"follow","max-snippet":"max-snippet:-1","max-image-preview":"max-image-preview:large","max-video-preview":"max-video-preview:-1"},"canonical":"https:\/\/frankovic.hr\/en\/accommodation\/bellastella\/","og_locale":"hr_HR","og_type":"article","og_title":"BELLA&STELLA - FRANKOVI\u0106","og_description":"[vc_row full_width=&#8221;stretch_row&#8221; full_height=&#8221;yes&#8221; equal_height=&#8221;yes&#8221; content_placement=&#8221;middle&#8221; css=&#8221;.vc_custom_1513602870394{background-image: url(https:\/\/frankovic.hr\/main_site\/wp-content\/uploads\/2017\/12\/SOBE-BELLASTELLA.jpg?id=906) !important;background-position: center !important;background-repeat: no-repeat !important;background-size: cover !important;}&#8221;][vc_column][vc_column_text] Stella &amp; Bella [\/vc_column_text][vc_btn title=&#8221;BOOK NOW&#8221; size=&#8221;lg&#8221; align=&#8221;center&#8221; link=&#8221;url:https%3A%2F%2Fbellaistella.book.rentl.io|||&#8221;][vc_icon icon_fontawesome=&#8221;fa fa-angle-down&#8221; color=&#8221;white&#8221; align=&#8221;center&#8221;][\/vc_column][\/vc_row][vc_row full_width=&#8221;stretch_row&#8221; equal_height=&#8221;yes&#8221; content_placement=&#8221;middle&#8221; css=&#8221;.vc_custom_1519209342901{padding-top: 100px !important;background-image: url(https:\/\/frankovic.hr\/main_site\/wp-content\/uploads\/2017\/12\/bg_black.jpg?id=918) !important;background-position: 0 0 !important;background-repeat: repeat !important;}&#8221;][vc_column css=&#8221;.vc_custom_1518430501984{padding-bottom: 50px !important;}&#8221;][vc_column_text css=&#8221;.vc_custom_1519209280488{padding-bottom: 50px !important;}&#8221;] Nalazimo se u srcu malog slikovitog grada Buja, smje\u0161tenog...","og_url":"https:\/\/frankovic.hr\/en\/accommodation\/bellastella\/","og_site_name":"FRANKOVI\u0106","article_modified_time":"2024-10-24T11:45:34+00:00","twitter_card":"summary_large_image","twitter_misc":{"Procijenjeno vrijeme \u010ditanja":"10 minuta"},"schema":{"@context":"https:\/\/schema.org","@graph":[{"@type":"WebPage","@id":"https:\/\/frankovic.hr\/en\/accommodation\/bellastella\/","url":"https:\/\/frankovic.hr\/en\/accommodation\/bellastella\/","name":"BELLA&STELLA - FRANKOVI\u0106","isPartOf":{"@id":"https:\/\/frankovic.hr\/hr\/#website"},"datePublished":"2017-12-18T12:15:50+00:00","dateModified":"2024-10-24T11:45:34+00:00","breadcrumb":{"@id":"https:\/\/frankovic.hr\/en\/accommodation\/bellastella\/#breadcrumb"},"inLanguage":"hr","potentialAction":[{"@type":"ReadAction","target":["https:\/\/frankovic.hr\/en\/accommodation\/bellastella\/"]}]},{"@type":"BreadcrumbList","@id":"https:\/\/frankovic.hr\/en\/accommodation\/bellastella\/#breadcrumb","itemListElement":[{"@type":"ListItem","position":1,"name":"Home","item":"https:\/\/frankovic.hr\/en\/"},{"@type":"ListItem","position":2,"name":"ACCOMMODATION","item":"https:\/\/frankovic.hr\/en\/accommodation\/"},{"@type":"ListItem","position":3,"name":"BELLA&#038;STELLA"}]},{"@type":"WebSite","@id":"https:\/\/frankovic.hr\/hr\/#website","url":"https:\/\/frankovic.hr\/hr\/","name":"FRANKOVI\u0106","description":"restoran","publisher":{"@id":"https:\/\/frankovic.hr\/hr\/#organization"},"potentialAction":[{"@type":"SearchAction","target":{"@type":"EntryPoint","urlTemplate":"https:\/\/frankovic.hr\/hr\/?s={search_term_string}"},"query-input":{"@type":"PropertyValueSpecification","valueRequired":true,"valueName":"search_term_string"}}],"inLanguage":"hr"},{"@type":"Organization","@id":"https:\/\/frankovic.hr\/hr\/#organization","name":"FRANKOVI\u0106","url":"https:\/\/frankovic.hr\/hr\/","logo":{"@type":"ImageObject","inLanguage":"hr","@id":"https:\/\/frankovic.hr\/hr\/#\/schema\/logo\/image\/","url":"https:\/\/frankovic.hr\/main_site\/wp-content\/uploads\/2017\/10\/logo_vina_frankovic_obrub_500.png","contentUrl":"https:\/\/frankovic.hr\/main_site\/wp-content\/uploads\/2017\/10\/logo_vina_frankovic_obrub_500.png","width":499,"height":155,"caption":"FRANKOVI\u0106"},"image":{"@id":"https:\/\/frankovic.hr\/hr\/#\/schema\/logo\/image\/"}}]}},"_links":{"self":[{"href":"https:\/\/frankovic.hr\/hr\/wp-json\/wp\/v2\/pages\/855","targetHints":{"allow":["GET"]}}],"collection":[{"href":"https:\/\/frankovic.hr\/hr\/wp-json\/wp\/v2\/pages"}],"about":[{"href":"https:\/\/frankovic.hr\/hr\/wp-json\/wp\/v2\/types\/page"}],"author":[{"embeddable":true,"href":"https:\/\/frankovic.hr\/hr\/wp-json\/wp\/v2\/users\/1"}],"replies":[{"embeddable":true,"href":"https:\/\/frankovic.hr\/hr\/wp-json\/wp\/v2\/comments?post=855"}],"version-history":[{"count":8,"href":"https:\/\/frankovic.hr\/hr\/wp-json\/wp\/v2\/pages\/855\/revisions"}],"predecessor-version":[{"id":1457,"href":"https:\/\/frankovic.hr\/hr\/wp-json\/wp\/v2\/pages\/855\/revisions\/1457"}],"up":[{"embeddable":true,"href":"https:\/\/frankovic.hr\/hr\/wp-json\/wp\/v2\/pages\/69"}],"wp:attachment":[{"href":"https:\/\/frankovic.hr\/hr\/wp-json\/wp\/v2\/media?parent=855"}],"curies":[{"name":"wp","href":"https:\/\/api.w.org\/{rel}","templated":true}]}}