{"id":581,"date":"2026-03-17T22:50:17","date_gmt":"2026-03-17T21:50:17","guid":{"rendered":"https:\/\/frankovic.hr\/main_site\/?page_id=581"},"modified":"2026-03-17T22:50:17","modified_gmt":"2026-03-17T21:50:17","slug":"degustacija","status":"publish","type":"page","link":"https:\/\/frankovic.hr\/main_site\/en\/degustacija\/","title":{"rendered":"Tasting"},"content":{"rendered":"<div id=\"fws_69ef8963c6da2\"  data-column-margin=\"default\" data-midnight=\"dark\"  class=\"wpb_row vc_row-fluid vc_row full-width-content vc_row-o-equal-height vc_row-flex vc_row-o-content-middle\"  style=\"padding-top: 0px; padding-bottom: 0px; \"><div class=\"row-bg-wrap\" data-bg-animation=\"none\" data-bg-animation-delay=\"\" data-bg-overlay=\"false\"><div class=\"inner-wrap row-bg-layer\" ><div class=\"row-bg viewport-desktop\"  style=\"\"><\/div><\/div><\/div><div class=\"row_col_wrap_12 col span_12 dark left\">\n\t<div style=\"z-index: 100; \" class=\"vc_col-sm-5 wpb_column column_container vc_column_container col no-extra-padding inherit_tablet inherit_phone flex_gap_desktop_10px\"  data-padding-pos=\"all\" data-has-bg-color=\"false\" data-bg-color=\"\" data-bg-opacity=\"1\" data-animation=\"\" data-delay=\"0\" >\n\t\t<div class=\"vc_column-inner\" >\n\t\t\t<div class=\"wpb_wrapper\">\n\t\t\t\t<div id=\"fws_69ef8963c71fc\" data-midnight=\"\" data-column-margin=\"default\" class=\"wpb_row vc_row-fluid vc_row inner_row\"  style=\"\"><div class=\"row-bg-wrap\"> <div class=\"row-bg\" ><\/div> <\/div><div class=\"row_col_wrap_12_inner col span_12  left\">\n\t<div  class=\"vc_col-sm-12 wpb_column column_container vc_column_container col child_column no-extra-padding inherit_tablet inherit_phone flex_gap_desktop_10px\"   data-padding-pos=\"all\" data-has-bg-color=\"false\" data-bg-color=\"\" data-bg-opacity=\"1\" data-animation=\"\" data-delay=\"0\" >\n\t\t<div class=\"vc_column-inner\" >\n\t\t<div class=\"wpb_wrapper\">\n\t\t\t<div class=\"img-with-aniamtion-wrap  margin_top_tablet_0px margin_top_phone_0px margin_bottom_tablet_0px margin_bottom_phone_0px\" data-max-width=\"125%\" data-max-width-mobile=\"default\" data-shadow=\"none\" data-animation=\"ro-reveal-from-left\"  style=\"margin-top: 25%; margin-bottom: 25%; \">\n      <div class=\"inner\">\n        <div class=\"hover-wrap\"> \n          <div class=\"hover-wrap-inner\">\n            <img loading=\"lazy\" decoding=\"async\" class=\"img-with-animation skip-lazy\" data-delay=\"0\" height=\"1080\" width=\"1621\" data-animation=\"ro-reveal-from-left\" src=\"https:\/\/frankovic.hr\/main_site\/wp-content\/uploads\/2026\/03\/MDG8356-Large.jpg\" alt=\"\"  \/>\n          <\/div>\n        <\/div>\n        \n      <\/div>\n    <\/div>\n\t\t<\/div> \n\t<\/div>\n\t<\/div> \n<\/div><\/div>\n\t\t\t<\/div> \n\t\t<\/div>\n\t<\/div> \n\n\t<div style=\"\" class=\"vc_col-sm-7 wpb_column column_container vc_column_container col padding-12-percent inherit_tablet inherit_phone translate_x_tablet_0px translate_x_phone_0px translate_y_tablet_30px flex_gap_desktop_10px\" data-using-bg=\"true\" data-padding-pos=\"all\" data-has-bg-color=\"true\" data-bg-color=\"#f0f5f9\" data-bg-opacity=\"1\" data-animation=\"\" data-delay=\"0\" >\n\t\t<div class=\"vc_column-inner\" style=\"transform:  translateY(20px) translateX(10%);\"><div class=\"column-bg-overlay-wrap column-bg-layer\" data-bg-animation=\"none\"><div class=\"column-bg-overlay\" style=\"opacity: 1; background-color: #f0f5f9;\"><\/div><\/div>\n\t\t\t<div class=\"wpb_wrapper\">\n\t\t\t\t<div id=\"fws_69ef8963c7b0a\" data-midnight=\"\" data-column-margin=\"default\" class=\"wpb_row vc_row-fluid vc_row inner_row  translate_x_15pct translate_x_tablet_0pct translate_x_phone_0pct\"  style=\"\"><div class=\"row-bg-wrap\"> <div class=\"row-bg\" ><\/div> <\/div><div class=\"row_col_wrap_12_inner col span_12  left\">\n\t<div  class=\"vc_col-sm-12 wpb_column column_container vc_column_container col child_column no-extra-padding inherit_tablet inherit_phone flex_gap_desktop_10px\"   data-padding-pos=\"all\" data-has-bg-color=\"false\" data-bg-color=\"\" data-bg-opacity=\"1\" data-animation=\"\" data-delay=\"0\" >\n\t\t<div class=\"vc_column-inner\" >\n\t\t<div class=\"wpb_wrapper\">\n\t\t\t\n<div class=\"wpb_text_column wpb_content_element  vc_custom_1773783631890\" style=\" max-width: 550px; display: inline-block;\">\n\t<h2>Istrian flavor story: wine, olive oil and homemade delicacies<\/h2>\n<\/div>\n\n\n\n\n<div class=\"wpb_text_column wpb_content_element  vc_custom_1773783580184\" style=\" max-width: 550px; display: inline-block;\">\n\t<p class=\"isSelectedEnd\">Experience the authentic Istrian story through a unique eno-gastronomic experience that combines top-quality wines, award-winning olive oils and traditional local delicacies. During a guided tour of the winery, you will learn about the winemaking process, the winemakers' philosophy and the peculiarities of the terroir that gives each sip its distinctive character.<\/p>\n<p class=\"isSelectedEnd\">As part of the tasting, you can enjoy choosing three or five carefully selected wines, suitable for both beginners and true lovers of wine culture. Each wine is accompanied by an expert explanation that further enriches the experience and helps you recognize the nuances of taste and aroma.<\/p>\n<p class=\"isSelectedEnd\">In addition to the wines, you can also taste four types of extra virgin olive oil \"Amfiterra\" from our own production, where you will discover the differences in varieties, processing methods and proper tasting of the oil.<\/p>\n<p class=\"isSelectedEnd\">The entire experience is rounded off with carefully selected local specialties: Istrian prosciutto, homemade sheep's cheese, and freshly baked bread, which perfectly complement the flavors of the wine and oil.<\/p>\n<p>This is an ideal opportunity to relax, enjoy local flavors and create unforgettable memories in the authentic ambiance of an Istrian winery.<\/p>\n<\/div>\n\n\n\n\n\t\t<\/div> \n\t<\/div>\n\t<\/div> \n<\/div><\/div>\n\t\t\t<\/div> \n\t\t<\/div>\n\t<\/div> \n<\/div><\/div>\n\t\t<div id=\"fws_69ef8963c818f\"  data-column-margin=\"default\" data-midnight=\"dark\" data-top-percent=\"8%\" data-bottom-percent=\"8%\"  class=\"wpb_row vc_row-fluid vc_row full-width-section\"  style=\"padding-top: calc(100vw * 0.08); padding-bottom: calc(100vw * 0.08); \"><div class=\"row-bg-wrap\" data-bg-animation=\"none\" data-bg-animation-delay=\"\" data-bg-overlay=\"false\"><div class=\"inner-wrap row-bg-layer\" ><div class=\"row-bg viewport-desktop\"  style=\"\"><\/div><\/div><\/div><div class=\"row_col_wrap_12 col span_12 dark left\">\n\t<div  class=\"vc_col-sm-12 wpb_column column_container vc_column_container col no-extra-padding inherit_tablet inherit_phone flex_gap_desktop_10px\"  data-padding-pos=\"all\" data-has-bg-color=\"false\" data-bg-color=\"\" data-bg-opacity=\"1\" data-animation=\"\" data-delay=\"0\" >\n\t\t<div class=\"vc_column-inner\" >\n\t\t\t<div class=\"wpb_wrapper\">\n\t\t\t\t<div id=\"fws_69ef8963c8416\" data-midnight=\"\" data-column-margin=\"default\" class=\"wpb_row vc_row-fluid vc_row inner_row\"  style=\"padding-top: 3%; padding-bottom: 5%; \"><div class=\"row-bg-wrap\"> <div class=\"row-bg\" ><\/div> <\/div><div class=\"row_col_wrap_12_inner col span_12  left\">\n\t<div  class=\"vc_col-sm-4 wpb_column column_container vc_column_container col child_column no-extra-padding inherit_tablet inherit_phone flex_gap_desktop_10px\"   data-padding-pos=\"all\" data-has-bg-color=\"false\" data-bg-color=\"\" data-bg-opacity=\"1\" data-animation=\"\" data-delay=\"0\" >\n\t\t<div class=\"vc_column-inner\" >\n\t\t<div class=\"wpb_wrapper\">\n\t\t\t\n\t\t<\/div> \n\t<\/div>\n\t<\/div> \n\n\t<div  class=\"vc_col-sm-4 wpb_column column_container vc_column_container col child_column centered-text has-animation padding-3-percent inherit_tablet inherit_phone flex_gap_desktop_10px\"   data-border-animation=\"true\" data-border-animation-delay=\"\" data-border-width=\"2px\" data-border-style=\"double_offset\" data-border-color=\"#000000\" data-padding-pos=\"all\" data-has-bg-color=\"false\" data-bg-color=\"\" data-bg-opacity=\"1\" data-animation=\"fade-in\" data-delay=\"0\" >\n\t\t<div class=\"vc_column-inner\" style=\"border: 2px solid rgba(255,255,255,0); \"><span class=\"border-wrap\" style=\"border-color: #000000;\"><span class=\"border-top\"><\/span><span class=\"border-right\"><\/span><span class=\"border-bottom\"><\/span><span class=\"border-left\"><\/span><\/span>\n\t\t<div class=\"wpb_wrapper\">\n\t\t\t\n<div class=\"wpb_text_column wpb_content_element\" >\n\t<h3>Offer<\/h3>\n<\/div>\n\n\n\n\n\t\t<\/div> \n\t<\/div>\n\t<\/div> \n\n\t<div  class=\"vc_col-sm-4 wpb_column column_container vc_column_container col child_column no-extra-padding inherit_tablet inherit_phone flex_gap_desktop_10px\"   data-padding-pos=\"all\" data-has-bg-color=\"false\" data-bg-color=\"\" data-bg-opacity=\"1\" data-animation=\"\" data-delay=\"0\" >\n\t\t<div class=\"vc_column-inner\" >\n\t\t<div class=\"wpb_wrapper\">\n\t\t\t\n\t\t<\/div> \n\t<\/div>\n\t<\/div> \n<\/div><\/div><div id=\"fws_69ef8963c8959\" data-midnight=\"\" data-column-margin=\"default\" class=\"wpb_row vc_row-fluid vc_row inner_row\"  style=\"padding-top: 30px; \"><div class=\"row-bg-wrap\"> <div class=\"row-bg\" ><\/div> <\/div><div class=\"row_col_wrap_12_inner col span_12  left\">\n\t<div  class=\"vc_col-sm-6 wpb_column column_container vc_column_container col child_column has-animation padding-4-percent inherit_tablet inherit_phone flex_gap_desktop_10px\"   data-padding-pos=\"all\" data-has-bg-color=\"false\" data-bg-color=\"\" data-bg-opacity=\"1\" data-animation=\"fade-in\" data-delay=\"0\" >\n\t\t<div class=\"vc_column-inner\" >\n\t\t<div class=\"wpb_wrapper\">\n\t\t\t\n<div class=\"wpb_text_column wpb_content_element  vc_custom_1773783962722\" >\n\t<h5>Tasting 1<\/h5>\n<\/div>\n\n\n\n\n<div class=\"nectar_food_menu_item\" data-style=\"default\">\n  <div class=\"inner\">\n    <div class=\"item_name\"><h4>Wine<\/h4><\/div><div class=\"line_spacer\"><\/div>\n    <div class=\"item_price\"><h4><\/h4><\/div>\n  <\/div>\n  <div class=\"item_description\">Tasting of three types of wine with a tour of the winery<\/div>\n<\/div>\n\n<div class=\"nectar_food_menu_item\" data-style=\"default\">\n  <div class=\"inner\">\n    <div class=\"item_name\"><h4>Olive oil<\/h4><\/div><div class=\"line_spacer\"><\/div>\n    <div class=\"item_price\"><h4><\/h4><\/div>\n  <\/div>\n  <div class=\"item_description\">Tasting of four types of extra virgin olive oil \"Amfiterra\" from our own production<\/div>\n<\/div>\n\n<div class=\"nectar_food_menu_item\" data-style=\"default\">\n  <div class=\"inner\">\n    <div class=\"item_name\"><h4>Food<\/h4><\/div><div class=\"line_spacer\"><\/div>\n    <div class=\"item_price\"><h4><\/h4><\/div>\n  <\/div>\n  <div class=\"item_description\">Food served: Istrian prosciutto, homemade sheep cheese and bread<\/div>\n<\/div>\n\n\t\t<\/div> \n\t<\/div>\n\t<\/div> \n\n\t<div  class=\"vc_col-sm-6 wpb_column column_container vc_column_container col child_column has-animation padding-4-percent inherit_tablet inherit_phone flex_gap_desktop_10px\"   data-padding-pos=\"all\" data-has-bg-color=\"false\" data-bg-color=\"\" data-bg-opacity=\"1\" data-animation=\"fade-in\" data-delay=\"0\" >\n\t\t<div class=\"vc_column-inner\" >\n\t\t<div class=\"wpb_wrapper\">\n\t\t\t\n<div class=\"wpb_text_column wpb_content_element  vc_custom_1773784141821\" >\n\t<h5>Tasting 2<\/h5>\n<\/div>\n\n\n\n\n<div class=\"nectar_food_menu_item\" data-style=\"default\">\n  <div class=\"inner\">\n    <div class=\"item_name\"><h4>Wine<\/h4><\/div><div class=\"line_spacer\"><\/div>\n    <div class=\"item_price\"><h4><\/h4><\/div>\n  <\/div>\n  <div class=\"item_description\">Tasting of five types of wine with a tour of the winery<\/div>\n<\/div>\n\n<div class=\"nectar_food_menu_item\" data-style=\"default\">\n  <div class=\"inner\">\n    <div class=\"item_name\"><h4>Olive oil<\/h4><\/div><div class=\"line_spacer\"><\/div>\n    <div class=\"item_price\"><h4><\/h4><\/div>\n  <\/div>\n  <div class=\"item_description\">Tasting of four types of extra virgin olive oil \"Amfiterra\" from our own production<\/div>\n<\/div>\n\n<div class=\"nectar_food_menu_item\" data-style=\"default\">\n  <div class=\"inner\">\n    <div class=\"item_name\"><h4>Food<\/h4><\/div><div class=\"line_spacer\"><\/div>\n    <div class=\"item_price\"><h4><\/h4><\/div>\n  <\/div>\n  <div class=\"item_description\">Food served: Istrian prosciutto, homemade sheep cheese and bread<\/div>\n<\/div>\n\n\t\t<\/div> \n\t<\/div>\n\t<\/div> \n<\/div><\/div>\n\t\t\t<\/div> \n\t\t<\/div>\n\t<\/div> \n<\/div><\/div>","protected":false},"excerpt":{"rendered":"Istarska pri\u010da okusa: vino, maslinovo ulje i doma\u0107e delicije Do\u017eivite autenti\u010dnu istarsku pri\u010du kroz jedinstveno eno-gastronomsko iskustvo koje spaja vrhunska vina, nagra\u0111ivana maslinova ulja i tradicionalne doma\u0107e delicije. Tijekom vo\u0111enog...","protected":false},"author":1,"featured_media":0,"parent":0,"menu_order":0,"comment_status":"closed","ping_status":"closed","template":"","meta":{"footnotes":""},"class_list":["post-581","page","type-page","status-publish"],"_links":{"self":[{"href":"https:\/\/frankovic.hr\/main_site\/en\/wp-json\/wp\/v2\/pages\/581","targetHints":{"allow":["GET"]}}],"collection":[{"href":"https:\/\/frankovic.hr\/main_site\/en\/wp-json\/wp\/v2\/pages"}],"about":[{"href":"https:\/\/frankovic.hr\/main_site\/en\/wp-json\/wp\/v2\/types\/page"}],"author":[{"embeddable":true,"href":"https:\/\/frankovic.hr\/main_site\/en\/wp-json\/wp\/v2\/users\/1"}],"replies":[{"embeddable":true,"href":"https:\/\/frankovic.hr\/main_site\/en\/wp-json\/wp\/v2\/comments?post=581"}],"version-history":[{"count":9,"href":"https:\/\/frankovic.hr\/main_site\/en\/wp-json\/wp\/v2\/pages\/581\/revisions"}],"predecessor-version":[{"id":591,"href":"https:\/\/frankovic.hr\/main_site\/en\/wp-json\/wp\/v2\/pages\/581\/revisions\/591"}],"wp:attachment":[{"href":"https:\/\/frankovic.hr\/main_site\/en\/wp-json\/wp\/v2\/media?parent=581"}],"curies":[{"name":"wp","href":"https:\/\/api.w.org\/{rel}","templated":true}]}}