{"id":581,"date":"2026-03-17T22:50:17","date_gmt":"2026-03-17T21:50:17","guid":{"rendered":"https:\/\/frankovic.hr\/main_site\/?page_id=581"},"modified":"2026-03-17T22:50:17","modified_gmt":"2026-03-17T21:50:17","slug":"degustacija","status":"publish","type":"page","link":"https:\/\/frankovic.hr\/main_site\/degustacija\/","title":{"rendered":"Degustacija"},"content":{"rendered":"\n\t\t<div id=\"fws_69ef736e318de\"  data-column-margin=\"default\" data-midnight=\"dark\"  class=\"wpb_row vc_row-fluid vc_row full-width-content vc_row-o-equal-height vc_row-flex vc_row-o-content-middle\"  style=\"padding-top: 0px; padding-bottom: 0px; \"><div class=\"row-bg-wrap\" data-bg-animation=\"none\" data-bg-animation-delay=\"\" data-bg-overlay=\"false\"><div class=\"inner-wrap row-bg-layer\" ><div class=\"row-bg viewport-desktop\"  style=\"\"><\/div><\/div><\/div><div class=\"row_col_wrap_12 col span_12 dark left\">\n\t<div style=\"z-index: 100; \" class=\"vc_col-sm-5 wpb_column column_container vc_column_container col no-extra-padding inherit_tablet inherit_phone flex_gap_desktop_10px \"  data-padding-pos=\"all\" data-has-bg-color=\"false\" data-bg-color=\"\" data-bg-opacity=\"1\" data-animation=\"\" data-delay=\"0\" >\n\t\t<div class=\"vc_column-inner\" >\n\t\t\t<div class=\"wpb_wrapper\">\n\t\t\t\t<div id=\"fws_69ef736e31d4b\" data-midnight=\"\" data-column-margin=\"default\" class=\"wpb_row vc_row-fluid vc_row inner_row\"  style=\"\"><div class=\"row-bg-wrap\"> <div class=\"row-bg\" ><\/div> <\/div><div class=\"row_col_wrap_12_inner col span_12  left\">\n\t<div  class=\"vc_col-sm-12 wpb_column column_container vc_column_container col child_column no-extra-padding inherit_tablet inherit_phone flex_gap_desktop_10px \"   data-padding-pos=\"all\" data-has-bg-color=\"false\" data-bg-color=\"\" data-bg-opacity=\"1\" data-animation=\"\" data-delay=\"0\" >\n\t\t<div class=\"vc_column-inner\" >\n\t\t<div class=\"wpb_wrapper\">\n\t\t\t<div class=\"img-with-aniamtion-wrap  margin_top_tablet_0px margin_top_phone_0px margin_bottom_tablet_0px margin_bottom_phone_0px \" data-max-width=\"125%\" data-max-width-mobile=\"default\" data-shadow=\"none\" data-animation=\"ro-reveal-from-left\"  style=\"margin-top: 25%; margin-bottom: 25%; \">\n      <div class=\"inner\">\n        <div class=\"hover-wrap\"> \n          <div class=\"hover-wrap-inner\">\n            <img loading=\"lazy\" decoding=\"async\" class=\"img-with-animation skip-lazy\" data-delay=\"0\" height=\"1080\" width=\"1621\" data-animation=\"ro-reveal-from-left\" src=\"https:\/\/frankovic.hr\/main_site\/wp-content\/uploads\/2026\/03\/MDG8356-Large.jpg\" alt=\"\"  \/>\n          <\/div>\n        <\/div>\n        \n      <\/div>\n    <\/div>\n\t\t<\/div> \n\t<\/div>\n\t<\/div> \n<\/div><\/div>\n\t\t\t<\/div> \n\t\t<\/div>\n\t<\/div> \n\n\t<div style=\"\" class=\"vc_col-sm-7 wpb_column column_container vc_column_container col padding-12-percent inherit_tablet inherit_phone translate_x_tablet_0px translate_x_phone_0px translate_y_tablet_30px flex_gap_desktop_10px \" data-using-bg=\"true\" data-padding-pos=\"all\" data-has-bg-color=\"true\" data-bg-color=\"#f0f5f9\" data-bg-opacity=\"1\" data-animation=\"\" data-delay=\"0\" >\n\t\t<div class=\"vc_column-inner\" style=\"transform:  translateY(20px) translateX(10%);\"><div class=\"column-bg-overlay-wrap column-bg-layer\" data-bg-animation=\"none\"><div class=\"column-bg-overlay\" style=\"opacity: 1; background-color: #f0f5f9;\"><\/div><\/div>\n\t\t\t<div class=\"wpb_wrapper\">\n\t\t\t\t<div id=\"fws_69ef736e3252a\" data-midnight=\"\" data-column-margin=\"default\" class=\"wpb_row vc_row-fluid vc_row inner_row  translate_x_15pct translate_x_tablet_0pct translate_x_phone_0pct\"  style=\"\"><div class=\"row-bg-wrap\"> <div class=\"row-bg\" ><\/div> <\/div><div class=\"row_col_wrap_12_inner col span_12  left\">\n\t<div  class=\"vc_col-sm-12 wpb_column column_container vc_column_container col child_column no-extra-padding inherit_tablet inherit_phone flex_gap_desktop_10px \"   data-padding-pos=\"all\" data-has-bg-color=\"false\" data-bg-color=\"\" data-bg-opacity=\"1\" data-animation=\"\" data-delay=\"0\" >\n\t\t<div class=\"vc_column-inner\" >\n\t\t<div class=\"wpb_wrapper\">\n\t\t\t\n<div class=\"wpb_text_column wpb_content_element  vc_custom_1773783631890\" style=\" max-width: 550px; display: inline-block;\">\n\t<h2>Istarska pri\u010da okusa: vino, maslinovo ulje i doma\u0107e delicije<\/h2>\n<\/div>\n\n\n\n\n<div class=\"wpb_text_column wpb_content_element  vc_custom_1773783580184\" style=\" max-width: 550px; display: inline-block;\">\n\t<p class=\"isSelectedEnd\">Do\u017eivite autenti\u010dnu istarsku pri\u010du kroz jedinstveno eno-gastronomsko iskustvo koje spaja vrhunska vina, nagra\u0111ivana maslinova ulja i tradicionalne doma\u0107e delicije. Tijekom vo\u0111enog obilaska vinarije upoznat \u0107ete se s procesom proizvodnje vina, filozofijom vinara i posebnostima terroira koji svakom gutljaju daje prepoznatljiv karakter.<\/p>\n<p class=\"isSelectedEnd\">U sklopu degustacije mo\u017eete u\u017eivati u odabiru tri ili pet pa\u017eljivo odabranih vina, prilago\u0111enih kako po\u010detnicima tako i pravim ljubiteljima vinske kulture. Svako vino prati stru\u010dno obja\u0161njenje koje dodatno oboga\u0107uje do\u017eivljaj i poma\u017ee vam prepoznati nijanse okusa i mirisa.<\/p>\n<p class=\"isSelectedEnd\">Uz vina, o\u010dekuje vas i degustacija \u010detiri vrste ekstra djevi\u010danskog maslinovog ulja \u201cAmfiterra\u201c iz vlastite proizvodnje, gdje \u0107ete otkriti razlike u sortama, na\u010dinu prerade i pravilnom ku\u0161anju ulja.<\/p>\n<p class=\"isSelectedEnd\">Cjelokupno iskustvo zaokru\u017eeno je pa\u017eljivo odabranim doma\u0107im specijalitetima: istarskim pr\u0161utom, doma\u0107im ov\u010djim sirom i svje\u017ee pe\u010denim kruhom, koji savr\u0161eno nadopunjuju okuse vina i ulja.<\/p>\n<p>Ovo je idealna prilika za opu\u0161tanje, u\u017eivanje u lokalnim okusima i stvaranje nezaboravnih uspomena u autenti\u010dnom ambijentu istarske vinarije.<\/p>\n<\/div>\n\n\n\n\n\t\t<\/div> \n\t<\/div>\n\t<\/div> \n<\/div><\/div>\n\t\t\t<\/div> \n\t\t<\/div>\n\t<\/div> \n<\/div><\/div>\n\t\t<div id=\"fws_69ef736e32a10\"  data-column-margin=\"default\" data-midnight=\"dark\" data-top-percent=\"8%\" data-bottom-percent=\"8%\"  class=\"wpb_row vc_row-fluid vc_row full-width-section\"  style=\"padding-top: calc(100vw * 0.08); padding-bottom: calc(100vw * 0.08); \"><div class=\"row-bg-wrap\" data-bg-animation=\"none\" data-bg-animation-delay=\"\" data-bg-overlay=\"false\"><div class=\"inner-wrap row-bg-layer\" ><div class=\"row-bg viewport-desktop\"  style=\"\"><\/div><\/div><\/div><div class=\"row_col_wrap_12 col span_12 dark left\">\n\t<div  class=\"vc_col-sm-12 wpb_column column_container vc_column_container col no-extra-padding inherit_tablet inherit_phone flex_gap_desktop_10px \"  data-padding-pos=\"all\" data-has-bg-color=\"false\" data-bg-color=\"\" data-bg-opacity=\"1\" data-animation=\"\" data-delay=\"0\" >\n\t\t<div class=\"vc_column-inner\" >\n\t\t\t<div class=\"wpb_wrapper\">\n\t\t\t\t<div id=\"fws_69ef736e32c18\" data-midnight=\"\" data-column-margin=\"default\" class=\"wpb_row vc_row-fluid vc_row inner_row\"  style=\"padding-top: 3%; padding-bottom: 5%; \"><div class=\"row-bg-wrap\"> <div class=\"row-bg\" ><\/div> <\/div><div class=\"row_col_wrap_12_inner col span_12  left\">\n\t<div  class=\"vc_col-sm-4 wpb_column column_container vc_column_container col child_column no-extra-padding inherit_tablet inherit_phone flex_gap_desktop_10px \"   data-padding-pos=\"all\" data-has-bg-color=\"false\" data-bg-color=\"\" data-bg-opacity=\"1\" data-animation=\"\" data-delay=\"0\" >\n\t\t<div class=\"vc_column-inner\" >\n\t\t<div class=\"wpb_wrapper\">\n\t\t\t\n\t\t<\/div> \n\t<\/div>\n\t<\/div> \n\n\t<div  class=\"vc_col-sm-4 wpb_column column_container vc_column_container col child_column centered-text has-animation padding-3-percent inherit_tablet inherit_phone flex_gap_desktop_10px \"   data-border-animation=\"true\" data-border-animation-delay=\"\" data-border-width=\"2px\" data-border-style=\"double_offset\" data-border-color=\"#000000\" data-padding-pos=\"all\" data-has-bg-color=\"false\" data-bg-color=\"\" data-bg-opacity=\"1\" data-animation=\"fade-in\" data-delay=\"0\" >\n\t\t<div class=\"vc_column-inner\" style=\"border: 2px solid rgba(255,255,255,0); \"><span class=\"border-wrap\" style=\"border-color: #000000;\"><span class=\"border-top\"><\/span><span class=\"border-right\"><\/span><span class=\"border-bottom\"><\/span><span class=\"border-left\"><\/span><\/span>\n\t\t<div class=\"wpb_wrapper\">\n\t\t\t\n<div class=\"wpb_text_column wpb_content_element \" >\n\t<h3>Ponuda<\/h3>\n<\/div>\n\n\n\n\n\t\t<\/div> \n\t<\/div>\n\t<\/div> \n\n\t<div  class=\"vc_col-sm-4 wpb_column column_container vc_column_container col child_column no-extra-padding inherit_tablet inherit_phone flex_gap_desktop_10px \"   data-padding-pos=\"all\" data-has-bg-color=\"false\" data-bg-color=\"\" data-bg-opacity=\"1\" data-animation=\"\" data-delay=\"0\" >\n\t\t<div class=\"vc_column-inner\" >\n\t\t<div class=\"wpb_wrapper\">\n\t\t\t\n\t\t<\/div> \n\t<\/div>\n\t<\/div> \n<\/div><\/div><div id=\"fws_69ef736e32f9d\" data-midnight=\"\" data-column-margin=\"default\" class=\"wpb_row vc_row-fluid vc_row inner_row\"  style=\"padding-top: 30px; \"><div class=\"row-bg-wrap\"> <div class=\"row-bg\" ><\/div> <\/div><div class=\"row_col_wrap_12_inner col span_12  left\">\n\t<div  class=\"vc_col-sm-6 wpb_column column_container vc_column_container col child_column has-animation padding-4-percent inherit_tablet inherit_phone flex_gap_desktop_10px \"   data-padding-pos=\"all\" data-has-bg-color=\"false\" data-bg-color=\"\" data-bg-opacity=\"1\" data-animation=\"fade-in\" data-delay=\"0\" >\n\t\t<div class=\"vc_column-inner\" >\n\t\t<div class=\"wpb_wrapper\">\n\t\t\t\n<div class=\"wpb_text_column wpb_content_element  vc_custom_1773783962722\" >\n\t<h5>Degustacija 1<\/h5>\n<\/div>\n\n\n\n\n<div class=\"nectar_food_menu_item \" data-style=\"default\">\n  <div class=\"inner\">\n    <div class=\"item_name\"><h4>Vino<\/h4><\/div><div class=\"line_spacer\"><\/div>\n    <div class=\"item_price\"><h4><\/h4><\/div>\n  <\/div>\n  <div class=\"item_description\">Degustacija tri vrste vina uz obilazak vinarije<\/div>\n<\/div>\n\n<div class=\"nectar_food_menu_item \" data-style=\"default\">\n  <div class=\"inner\">\n    <div class=\"item_name\"><h4>Maslinovo ulje<\/h4><\/div><div class=\"line_spacer\"><\/div>\n    <div class=\"item_price\"><h4><\/h4><\/div>\n  <\/div>\n  <div class=\"item_description\">Degustacija \u010detiri vrste ekstra djevi\u010danskog maslinovog ulja \u201cAmfiterra\u201c iz vlastite proizvodnje<\/div>\n<\/div>\n\n<div class=\"nectar_food_menu_item \" data-style=\"default\">\n  <div class=\"inner\">\n    <div class=\"item_name\"><h4>Hrana<\/h4><\/div><div class=\"line_spacer\"><\/div>\n    <div class=\"item_price\"><h4><\/h4><\/div>\n  <\/div>\n  <div class=\"item_description\">Servirana hrana: istarski pr\u0161ut, doma\u0107i ov\u010dji sir i kruh<\/div>\n<\/div>\n\n\t\t<\/div> \n\t<\/div>\n\t<\/div> \n\n\t<div  class=\"vc_col-sm-6 wpb_column column_container vc_column_container col child_column has-animation padding-4-percent inherit_tablet inherit_phone flex_gap_desktop_10px \"   data-padding-pos=\"all\" data-has-bg-color=\"false\" data-bg-color=\"\" data-bg-opacity=\"1\" data-animation=\"fade-in\" data-delay=\"0\" >\n\t\t<div class=\"vc_column-inner\" >\n\t\t<div class=\"wpb_wrapper\">\n\t\t\t\n<div class=\"wpb_text_column wpb_content_element  vc_custom_1773784141821\" >\n\t<h5>Degustacija 2<\/h5>\n<\/div>\n\n\n\n\n<div class=\"nectar_food_menu_item \" data-style=\"default\">\n  <div class=\"inner\">\n    <div class=\"item_name\"><h4>Vino<\/h4><\/div><div class=\"line_spacer\"><\/div>\n    <div class=\"item_price\"><h4><\/h4><\/div>\n  <\/div>\n  <div class=\"item_description\">Degustacija pet vrsta vina uz obilazak vinarije<\/div>\n<\/div>\n\n<div class=\"nectar_food_menu_item \" data-style=\"default\">\n  <div class=\"inner\">\n    <div class=\"item_name\"><h4>Maslinovo ulje<\/h4><\/div><div class=\"line_spacer\"><\/div>\n    <div class=\"item_price\"><h4><\/h4><\/div>\n  <\/div>\n  <div class=\"item_description\">Degustacija \u010detiri vrste ekstra djevi\u010danskog maslinovog ulja \u201cAmfiterra\u201c iz vlastite proizvodnje<\/div>\n<\/div>\n\n<div class=\"nectar_food_menu_item \" data-style=\"default\">\n  <div class=\"inner\">\n    <div class=\"item_name\"><h4>Hrana<\/h4><\/div><div class=\"line_spacer\"><\/div>\n    <div class=\"item_price\"><h4><\/h4><\/div>\n  <\/div>\n  <div class=\"item_description\">Servirana hrana: istarski pr\u0161ut, doma\u0107i ov\u010dji sir i kruh<\/div>\n<\/div>\n\n\t\t<\/div> \n\t<\/div>\n\t<\/div> \n<\/div><\/div>\n\t\t\t<\/div> \n\t\t<\/div>\n\t<\/div> \n<\/div><\/div>\n","protected":false},"excerpt":{"rendered":"Istarska pri\u010da okusa: vino, maslinovo ulje i doma\u0107e delicije Do\u017eivite autenti\u010dnu istarsku pri\u010du kroz jedinstveno eno-gastronomsko iskustvo koje spaja vrhunska vina, nagra\u0111ivana maslinova ulja i tradicionalne doma\u0107e delicije. Tijekom vo\u0111enog...","protected":false},"author":1,"featured_media":0,"parent":0,"menu_order":0,"comment_status":"closed","ping_status":"closed","template":"","meta":{"footnotes":""},"class_list":["post-581","page","type-page","status-publish"],"_links":{"self":[{"href":"https:\/\/frankovic.hr\/main_site\/wp-json\/wp\/v2\/pages\/581","targetHints":{"allow":["GET"]}}],"collection":[{"href":"https:\/\/frankovic.hr\/main_site\/wp-json\/wp\/v2\/pages"}],"about":[{"href":"https:\/\/frankovic.hr\/main_site\/wp-json\/wp\/v2\/types\/page"}],"author":[{"embeddable":true,"href":"https:\/\/frankovic.hr\/main_site\/wp-json\/wp\/v2\/users\/1"}],"replies":[{"embeddable":true,"href":"https:\/\/frankovic.hr\/main_site\/wp-json\/wp\/v2\/comments?post=581"}],"version-history":[{"count":9,"href":"https:\/\/frankovic.hr\/main_site\/wp-json\/wp\/v2\/pages\/581\/revisions"}],"predecessor-version":[{"id":591,"href":"https:\/\/frankovic.hr\/main_site\/wp-json\/wp\/v2\/pages\/581\/revisions\/591"}],"wp:attachment":[{"href":"https:\/\/frankovic.hr\/main_site\/wp-json\/wp\/v2\/media?parent=581"}],"curies":[{"name":"wp","href":"https:\/\/api.w.org\/{rel}","templated":true}]}}